{"id":3926,"date":"2020-07-14T12:21:22","date_gmt":"2020-07-14T10:21:22","guid":{"rendered":"https:\/\/www.gino-ag.com\/?page_id=3926"},"modified":"2022-01-20T17:49:40","modified_gmt":"2022-01-20T16:49:40","slug":"barrenschuetze","status":"publish","type":"page","link":"https:\/\/www.gino-ag.com\/de\/produkte\/barrenschuetze\/","title":{"rendered":"Barrensch\u00fctze"},"content":{"rendered":"<div id=\"pl-3926\"  class=\"panel-layout\" ><div id=\"pg-3926-0\"  class=\"panel-grid panel-has-style\" ><div class=\"sidebar-row panel-row-style panel-row-style-for-3926-0\" ><div id=\"pgc-3926-0-0\"  class=\"panel-grid-cell\" ><div id=\"panel-3926-0-0-0\" class=\"so-panel widget widget_black-studio-tinymce widget_black_studio_tinymce panel-first-child panel-last-child\" data-index=\"0\" ><div class=\"textwidget\"><h1>Barrensch\u00fctze: Serie R<\/h1>\n<h2>Zugeschnitten auf Ihre spezifischen Anforderungen<\/h2>\n<p>&nbsp;<\/p>\n<p><strong>Die GINO AG ist exklusiver Vertreter der TELARC-Sch\u00fctze auf dem deutschen Markt.<\/strong><\/p>\n<p>Die Barrensch\u00fctze sind Leistungsschalter f\u00fcr Hochleistungs-, Niederspannungs- und Schwerlastanwendungen. Dar\u00fcber hinaus k\u00f6nnen diese auch zur Steuerung von Motoren eingesetzt werden. Aufgrund eines variablen Designs k\u00f6nnen die Sch\u00fctze f\u00fcr jede kundenspezifische Anwendung konfiguriert werden.<\/p>\n<p><img loading=\"lazy\" decoding=\"async\" class=\"img-responsive alignnone wp-image-4927 size-full\" src=\"https:\/\/www.gino-ag.com\/wp-content\/uploads\/Barrensch\u00fctze_Schaubild_de-e1594727498469.png\" alt=\"\" width=\"1036\" height=\"620\" srcset=\"https:\/\/www.gino-ag.com\/wp-content\/uploads\/Barrensch\u00fctze_Schaubild_de-e1594727498469.png 1036w, https:\/\/www.gino-ag.com\/wp-content\/uploads\/Barrensch\u00fctze_Schaubild_de-e1594727498469-284x170.png 284w, https:\/\/www.gino-ag.com\/wp-content\/uploads\/Barrensch\u00fctze_Schaubild_de-e1594727498469-1024x613.png 1024w, https:\/\/www.gino-ag.com\/wp-content\/uploads\/Barrensch\u00fctze_Schaubild_de-e1594727498469-320x192.png 320w\" sizes=\"auto, (max-width: 1036px) 100vw, 1036px\" \/><\/p>\n<h2>Hauptmerkmale<\/h2>\n<ul>\n<li>Variable Anzahl der Pole<\/li>\n<li>Kombination von Schlie\u00dfer- und \u00d6ffnerpolen, mit oder ohne Lichtbogenkammer<\/li>\n<li>Erweiterbare Anzahl von Hilfskontakten<\/li>\n<li>Robuste Konstruktion<\/li>\n<li>Bis zu 5 Millionen Schaltzyklen<\/li>\n<\/ul>\n<p>&nbsp;<\/p>\n<h2>Produkt-Funktionen<\/h2>\n<ul>\n<li>Stromst\u00e4rke bis 5000 A<\/li>\n<li>Spannung bis zu 1000 V AC oder 1500 V DC<\/li>\n<li>Erh\u00e4ltlich f\u00fcr jede Anwendung, ob f\u00fcr AC-, DC- oder Schleifringl\u00e4ufermotorsteuerung mit variablem Frequenzantrieb<\/li>\n<\/ul>\n<p><strong>\u00a0<\/strong><\/p>\n<h2>Anwendungsfelder<\/h2>\n<ul>\n<li>Umspannwerk der Eisenbahn<\/li>\n<li>Eisen- und Stahlindustrie<\/li>\n<li>Bergbau<\/li>\n<li>Kr\u00e4ne<\/li>\n<li>Induktions-\u00d6fen<\/li>\n<li>Wasserkraftwerk<\/li>\n<li>Photovoltaik-Kraftwerke<\/li>\n<li>Energieverteilung<\/li>\n<li>Energiespeicherung<\/li>\n<li>Beleuchtungsausr\u00fcstung<\/li>\n<li>Pumpstationen<\/li>\n<\/ul>\n<p>&nbsp;<\/p>\n<p>Eine einfache Wartung wird gew\u00e4hrleistet, indem jede Komponente der Sch\u00fctze inspiziert und ausgetauscht werden kann. Des Weiteren k\u00f6nnen sie auch mit einer mechanischen oder magnetischen Verriegelung ausger\u00fcstet werden. Neben unseren Standardbauteilen entwickeln und optimieren unsere Experten mit Ihnen zusammen kundenspezifische L\u00f6sungen.<\/p>\n<p>&nbsp;<\/p>\n<h2>Erweiterte Anwendung<\/h2>\n<table class=\" aligncenter alignleft\" style=\"width: 120%; border-collapse: separate; border-style: hidden;\">\n<tbody>\n<tr>\n<td style=\"width: 38.6046%;\"><strong><img loading=\"lazy\" decoding=\"async\" width=\"163\" height=\"136\" class=\"size-full wp-image-4772 img-responsive alignleft\" src=\"https:\/\/www.gino-ag.com\/wp-content\/uploads\/Bild2.png\" alt=\"\" \/><\/strong><\/td>\n<td style=\"width: 61.484%;\">\n<p><strong>NOR-Sch\u00fctze werden mit einer Kombination aus \u00d6ffner- und Schlie\u00dferpolen gebaut:<\/strong><\/p>\n<ul>\n<li>AC-Schaltung: NOR..MT bis zu 690 V AC<\/li>\n<li>DC-Schaltung: NOR..CC bis zu 1500 V DC in standard.<\/li>\n<\/ul>\n<\/td>\n<\/tr>\n<tr>\n<td style=\"width: 38.6046%;\">\n<p><img loading=\"lazy\" decoding=\"async\" width=\"163\" height=\"156\" class=\"size-full wp-image-4774 img-responsive alignleft\" src=\"https:\/\/www.gino-ag.com\/wp-content\/uploads\/Bild3.png\" alt=\"\" \/><\/p>\n<\/td>\n<td style=\"width: 61.484%;\">\n<p><strong>Stromkreiskopplung:<\/strong><\/p>\n<ul>\n<li>LOR-Koppler werden ohne Blasspule und Lichtbogenkammer ausgef\u00fchrt.<\/li>\n<\/ul>\n<\/td>\n<\/tr>\n<tr>\n<td style=\"width: 38.6046%;\">\n<p><img loading=\"lazy\" decoding=\"async\" width=\"168\" height=\"145\" class=\"size-full wp-image-4776 img-responsive alignleft\" src=\"https:\/\/www.gino-ag.com\/wp-content\/uploads\/Bild4.png\" alt=\"\" \/><\/p>\n<\/td>\n<td style=\"width: 61.484%;\">\n<p><strong>Entladung des Generatorfeldes:<\/strong><\/p>\n<ul>\n<li>Generatorfeldentladung (oder Feldstromkreisunterbrecher) werden verwendet,<\/li>\n<\/ul>\n<p>Feldwicklung von Synchronmaschinen oder Erregermaschinen zu steuern.<\/p>\n<\/td>\n<\/tr>\n<\/tbody>\n<\/table>\n<p><em>Ausf\u00fchrlichere Informationen \u00fcber die Barrensch\u00fctze finden Sie im Hauptkatalog von TELARC im linken Downloadbereich.<\/em><\/p>\n<\/div><\/div><\/div><div id=\"pgc-3926-0-1\"  class=\"panel-grid-cell\" ><div id=\"panel-3926-0-1-0\" class=\"so-panel widget widget_nav_menu panel-first-child\" data-index=\"1\" ><div class=\"sidebar panel-widget-style panel-widget-style-for-3926-0-1-0\" ><div class=\"menu-submenue-produkte-container\"><ul id=\"menu-submenue-produkte\" class=\"menu\"><li id=\"menu-item-6421\" class=\"menu-item menu-item-type-post_type menu-item-object-page menu-item-6421\"><a href=\"https:\/\/www.gino-ag.com\/de\/produkte\/widerstandssysteme\/\" title=\"Widerstandssysteme\"><i>\u00dcbersicht Widerstandssysteme<\/i><\/a><\/li>\n<li id=\"menu-item-7461\" class=\"menu-item menu-item-type-post_type menu-item-object-page menu-item-has-children menu-item-7461\"><a href=\"https:\/\/www.gino-ag.com\/de\/produkte\/lastwiderstaende-und-pruefwiderstaende\/\">Lastwiderst\u00e4nde und Pr\u00fcfwiderst\u00e4nde<\/a>\n<ul class=\"sub-menu\">\n\t<li id=\"menu-item-7460\" class=\"menu-item menu-item-type-post_type menu-item-object-page menu-item-7460\"><a href=\"https:\/\/www.gino-ag.com\/de\/produkte\/lastwiderstaende-und-pruefwiderstaende\/standard-lastbaenke\/\">Standard-Lastb\u00e4nke<\/a><\/li>\n\t<li id=\"menu-item-7459\" class=\"menu-item menu-item-type-post_type menu-item-object-page menu-item-7459\"><a href=\"https:\/\/www.gino-ag.com\/de\/produkte\/lastwiderstaende-und-pruefwiderstaende\/kundenspezifische-lastbaenke\/\">Kundenspezifische Lastb\u00e4nke<\/a><\/li>\n\t<li id=\"menu-item-7458\" class=\"menu-item menu-item-type-post_type menu-item-object-page menu-item-7458\"><a href=\"https:\/\/www.gino-ag.com\/de\/produkte\/lastwiderstaende-und-pruefwiderstaende\/mobile-lastbaenke-trailer\/\">Mobile Lastb\u00e4nke Trailer<\/a><\/li>\n\t<li id=\"menu-item-7457\" class=\"menu-item menu-item-type-post_type menu-item-object-page menu-item-7457\"><a href=\"https:\/\/www.gino-ag.com\/de\/produkte\/lastwiderstaende-und-pruefwiderstaende\/pruefwiderstaende\/\">Pr\u00fcfwiderst\u00e4nde<\/a><\/li>\n<\/ul>\n<\/li>\n<li id=\"menu-item-299\" class=\"menu-item menu-item-type-post_type menu-item-object-page menu-item-299\"><a href=\"https:\/\/www.gino-ag.com\/de\/produkte\/bremswiderstaende\/\">Bremswiderst\u00e4nde<\/a><\/li>\n<li id=\"menu-item-395\" class=\"menu-item menu-item-type-post_type menu-item-object-page menu-item-395\"><a href=\"https:\/\/www.gino-ag.com\/de\/produkte\/erdungswiderstaende\/\">Erdungswiderst\u00e4nde<\/a><\/li>\n<li id=\"menu-item-396\" class=\"menu-item menu-item-type-post_type menu-item-object-page menu-item-396\"><a href=\"https:\/\/www.gino-ag.com\/de\/produkte\/filterwiderstaende\/\">Filterwiderst\u00e4nde<\/a><\/li>\n<li id=\"menu-item-681\" class=\"menu-item menu-item-type-post_type menu-item-object-page menu-item-681\"><a href=\"https:\/\/www.gino-ag.com\/de\/produkte\/verkehrstechnik-bahnwiderstaende\/\">Verkehrstechnik \/ Bahnwiderst\u00e4nde<\/a><\/li>\n<li id=\"menu-item-10125\" class=\"menu-item menu-item-type-post_type menu-item-object-page menu-item-10125\"><a href=\"https:\/\/www.gino-ag.com\/de\/produkte\/gridbox\/\">Gridbox<\/a><\/li>\n<li id=\"menu-item-744\" class=\"menu-item menu-item-type-post_type menu-item-object-page menu-item-744\"><a href=\"https:\/\/www.gino-ag.com\/de\/produkte\/oelanlasser\/\">\u00d6lanlasser<\/a><\/li>\n<li id=\"menu-item-6546\" class=\"menu-item menu-item-type-post_type menu-item-object-page menu-item-6546\"><a href=\"https:\/\/www.gino-ag.com\/de\/produkte\/akamas-speziell-entwickelt-gino-ag-elektrotechnische-fabrik\/\">GINO-AKA AKAMAS<\/a><\/li>\n<li id=\"menu-item-6627\" class=\"menu-item menu-item-type-post_type menu-item-object-page menu-item-6627\"><a href=\"https:\/\/www.gino-ag.com\/de\/produkte\/power-controller-gino-ag-elektrotechnische-fabrik\/\">GINO-AKA Power Controller<\/a><\/li>\n<li id=\"menu-item-743\" class=\"menu-item menu-item-type-post_type menu-item-object-page menu-item-743\"><a href=\"https:\/\/www.gino-ag.com\/de\/produkte\/fluessigkeitsanlasser\/\">Fl\u00fcssigkeitsanlasser<\/a><\/li>\n<li id=\"menu-item-748\" class=\"menu-item menu-item-type-post_type menu-item-object-page menu-item-748\"><a href=\"https:\/\/www.gino-ag.com\/de\/produkte\/luftgekuehlte-anlasser\/\">Luftgek\u00fchlte Anlasser<\/a><\/li>\n<li id=\"menu-item-3511\" class=\"menu-item menu-item-type-post_type menu-item-object-page menu-item-3511\"><a href=\"https:\/\/www.gino-ag.com\/de\/produkte\/ueberspannungsschutz\/\">\u00dcberspannungsschutz<\/a><\/li>\n<li id=\"menu-item-6749\" class=\"menu-item menu-item-type-post_type menu-item-object-page menu-item-6749\"><a href=\"https:\/\/www.gino-ag.com\/de\/produkte\/ventilatoren-kuehlsysteme\/\">Ventilatoren \/ K\u00fchlsysteme<\/a><\/li>\n<li id=\"menu-item-7102\" class=\"menu-item menu-item-type-post_type menu-item-object-page menu-item-has-children menu-item-7102\"><a href=\"https:\/\/www.gino-ag.com\/de\/produkte\/schuetze\/\">Sch\u00fctze<\/a>\n<ul class=\"sub-menu\">\n\t<li id=\"menu-item-7103\" class=\"menu-item menu-item-type-post_type menu-item-object-page menu-item-7103\"><a href=\"https:\/\/www.gino-ag.com\/de\/produkte\/schuetze\/schuetze-hb-serie\/\">Sch\u00fctze \u2013 HB-Serie<\/a><\/li>\n\t<li id=\"menu-item-7104\" class=\"menu-item menu-item-type-post_type menu-item-object-page menu-item-7104\"><a href=\"https:\/\/www.gino-ag.com\/de\/produkte\/schuetze\/schuetze-t-serie\/\">Sch\u00fctze \u2013 T-Serie<\/a><\/li>\n\t<li id=\"menu-item-7105\" class=\"menu-item menu-item-type-post_type menu-item-object-page menu-item-7105\"><a href=\"https:\/\/www.gino-ag.com\/de\/produkte\/schuetze\/schuetze-r-serie\/\">Sch\u00fctze \u2013 R-Serie<\/a><\/li>\n\t<li id=\"menu-item-7106\" class=\"menu-item menu-item-type-post_type menu-item-object-page menu-item-7106\"><a href=\"https:\/\/www.gino-ag.com\/de\/produkte\/schuetze\/schuetze-s-serie\/\">Sch\u00fctze \u2013 S-Serie<\/a><\/li>\n<\/ul>\n<\/li>\n<\/ul><\/div><\/div><\/div><div id=\"panel-3926-0-1-1\" class=\"so-panel widget widget_black-studio-tinymce widget_black_studio_tinymce panel-last-child\" data-index=\"2\" ><div class=\"info-box panel-widget-style panel-widget-style-for-3926-0-1-1\" ><div class=\"textwidget\"><div class=\"info-box\">\n<h2>Ansprechpartner<\/h2>\n<p>Thomas Lobjinski<br \/>\nTelefon: +49 (0) 228 98986-72<br \/>\nE-Mail: <a href=\"mailto:thomas.lobjinski@gino.de\"><span style=\"text-decoration: underline;\">thomas.lobjinski@gino.de<\/span><\/a><\/p>\n<ul>\n<li><a href=\"http:\/\/www.telarc.it\/media\/prodotti\/main-cat-r-line-telarc.pdf\" target=\"_blank\" rel=\"noopener\">Hauptkatalog Barrensch\u00fctze<\/a> (PDF)<\/li>\n<\/ul>\n<\/div>\n<\/div><\/div><\/div><\/div><\/div><\/div><\/div>","protected":false},"excerpt":{"rendered":"<p>Barrensch\u00fctze: Serie R Zugeschnitten auf Ihre spezifischen Anforderungen &nbsp; Die GINO AG ist exklusiver Vertreter der TELARC-Sch\u00fctze auf dem deutschen Markt. Die Barrensch\u00fctze sind Leistungsschalter f\u00fcr Hochleistungs-, Niederspannungs- und Schwerlastanwendungen. Dar\u00fcber hinaus k\u00f6nnen diese auch zur Steuerung von Motoren eingesetzt werden. Aufgrund eines variablen Designs k\u00f6nnen die Sch\u00fctze f\u00fcr jede kundenspezifische Anwendung konfiguriert werden. Hauptmerkmale [&hellip;]<\/p>\n","protected":false},"author":19,"featured_media":5909,"parent":7,"menu_order":0,"comment_status":"closed","ping_status":"closed","template":"","meta":{"_acf_changed":false,"footnotes":""},"class_list":["post-3926","page","type-page","status-publish","has-post-thumbnail","hentry"],"acf":[],"yoast_head":"<!-- This site is optimized with the Yoast SEO plugin v27.1.1 - https:\/\/yoast.com\/product\/yoast-seo-wordpress\/ -->\n<title>Barrensch\u00fctze - GINO AG<\/title>\n<meta name=\"description\" content=\"Das ZORC-Modul sch\u00fctzt Motoren, Transformatoren und Generatoren vor hochfrequenten Spannungsspitzen.\" \/>\n<meta name=\"robots\" content=\"index, follow, max-snippet:-1, max-image-preview:large, max-video-preview:-1\" \/>\n<link rel=\"canonical\" href=\"https:\/\/www.gino-ag.com\/de\/produkte\/barrenschuetze\/\" \/>\n<meta property=\"og:locale\" content=\"de_DE\" \/>\n<meta property=\"og:type\" content=\"article\" \/>\n<meta property=\"og:title\" content=\"Barrensch\u00fctze - GINO AG\" \/>\n<meta property=\"og:description\" content=\"Das ZORC-Modul sch\u00fctzt Motoren, Transformatoren und Generatoren vor hochfrequenten Spannungsspitzen.\" \/>\n<meta property=\"og:url\" content=\"https:\/\/www.gino-ag.com\/de\/produkte\/barrenschuetze\/\" \/>\n<meta property=\"og:site_name\" content=\"GINO AG\" \/>\n<meta property=\"article:modified_time\" content=\"2022-01-20T16:49:40+00:00\" \/>\n<meta property=\"og:image\" content=\"https:\/\/www.gino-ag.com\/wp-content\/uploads\/GINO_Produkte_Barrenschuetze.jpg\" \/>\n\t<meta property=\"og:image:width\" content=\"1920\" \/>\n\t<meta property=\"og:image:height\" content=\"480\" \/>\n\t<meta property=\"og:image:type\" content=\"image\/jpeg\" \/>\n<meta name=\"twitter:card\" content=\"summary_large_image\" \/>\n<meta name=\"twitter:label1\" content=\"Gesch\u00e4tzte Lesezeit\" \/>\n\t<meta name=\"twitter:data1\" content=\"1\u00a0Minute\" \/>\n<script type=\"application\/ld+json\" class=\"yoast-schema-graph\">{\"@context\":\"https:\/\/schema.org\",\"@graph\":[{\"@type\":\"WebPage\",\"@id\":\"https:\/\/www.gino-ag.com\/de\/produkte\/barrenschuetze\/\",\"url\":\"https:\/\/www.gino-ag.com\/de\/produkte\/barrenschuetze\/\",\"name\":\"Barrensch\u00fctze - GINO AG\",\"isPartOf\":{\"@id\":\"https:\/\/www.gino-ag.com\/de\/#website\"},\"primaryImageOfPage\":{\"@id\":\"https:\/\/www.gino-ag.com\/de\/produkte\/barrenschuetze\/#primaryimage\"},\"image\":{\"@id\":\"https:\/\/www.gino-ag.com\/de\/produkte\/barrenschuetze\/#primaryimage\"},\"thumbnailUrl\":\"https:\/\/www.gino-ag.com\/wp-content\/uploads\/GINO_Produkte_Barrenschuetze.jpg\",\"datePublished\":\"2020-07-14T10:21:22+00:00\",\"dateModified\":\"2022-01-20T16:49:40+00:00\",\"description\":\"Das ZORC-Modul sch\u00fctzt Motoren, Transformatoren und Generatoren vor hochfrequenten Spannungsspitzen.\",\"breadcrumb\":{\"@id\":\"https:\/\/www.gino-ag.com\/de\/produkte\/barrenschuetze\/#breadcrumb\"},\"inLanguage\":\"de\",\"potentialAction\":[{\"@type\":\"ReadAction\",\"target\":[\"https:\/\/www.gino-ag.com\/de\/produkte\/barrenschuetze\/\"]}]},{\"@type\":\"ImageObject\",\"inLanguage\":\"de\",\"@id\":\"https:\/\/www.gino-ag.com\/de\/produkte\/barrenschuetze\/#primaryimage\",\"url\":\"https:\/\/www.gino-ag.com\/wp-content\/uploads\/GINO_Produkte_Barrenschuetze.jpg\",\"contentUrl\":\"https:\/\/www.gino-ag.com\/wp-content\/uploads\/GINO_Produkte_Barrenschuetze.jpg\",\"width\":1920,\"height\":480},{\"@type\":\"BreadcrumbList\",\"@id\":\"https:\/\/www.gino-ag.com\/de\/produkte\/barrenschuetze\/#breadcrumb\",\"itemListElement\":[{\"@type\":\"ListItem\",\"position\":1,\"name\":\"Startseite\",\"item\":\"https:\/\/www.gino-ag.com\/de\/\"},{\"@type\":\"ListItem\",\"position\":2,\"name\":\"Produkte\",\"item\":\"https:\/\/www.gino-ag.com\/de\/produkte\/\"},{\"@type\":\"ListItem\",\"position\":3,\"name\":\"Barrensch\u00fctze\"}]},{\"@type\":\"WebSite\",\"@id\":\"https:\/\/www.gino-ag.com\/de\/#website\",\"url\":\"https:\/\/www.gino-ag.com\/de\/\",\"name\":\"GINO AG\",\"description\":\"Elektrische Widerst\u00e4nde von 50 W bis 360 MW\",\"potentialAction\":[{\"@type\":\"SearchAction\",\"target\":{\"@type\":\"EntryPoint\",\"urlTemplate\":\"https:\/\/www.gino-ag.com\/de\/?s={search_term_string}\"},\"query-input\":{\"@type\":\"PropertyValueSpecification\",\"valueRequired\":true,\"valueName\":\"search_term_string\"}}],\"inLanguage\":\"de\"}]}<\/script>\n<!-- \/ Yoast SEO plugin. -->","yoast_head_json":{"title":"Barrensch\u00fctze - GINO AG","description":"Das ZORC-Modul sch\u00fctzt Motoren, Transformatoren und Generatoren vor hochfrequenten Spannungsspitzen.","robots":{"index":"index","follow":"follow","max-snippet":"max-snippet:-1","max-image-preview":"max-image-preview:large","max-video-preview":"max-video-preview:-1"},"canonical":"https:\/\/www.gino-ag.com\/de\/produkte\/barrenschuetze\/","og_locale":"de_DE","og_type":"article","og_title":"Barrensch\u00fctze - GINO AG","og_description":"Das ZORC-Modul sch\u00fctzt Motoren, Transformatoren und Generatoren vor hochfrequenten Spannungsspitzen.","og_url":"https:\/\/www.gino-ag.com\/de\/produkte\/barrenschuetze\/","og_site_name":"GINO AG","article_modified_time":"2022-01-20T16:49:40+00:00","og_image":[{"width":1920,"height":480,"url":"https:\/\/www.gino-ag.com\/wp-content\/uploads\/GINO_Produkte_Barrenschuetze.jpg","type":"image\/jpeg"}],"twitter_card":"summary_large_image","twitter_misc":{"Gesch\u00e4tzte Lesezeit":"1\u00a0Minute"},"schema":{"@context":"https:\/\/schema.org","@graph":[{"@type":"WebPage","@id":"https:\/\/www.gino-ag.com\/de\/produkte\/barrenschuetze\/","url":"https:\/\/www.gino-ag.com\/de\/produkte\/barrenschuetze\/","name":"Barrensch\u00fctze - GINO AG","isPartOf":{"@id":"https:\/\/www.gino-ag.com\/de\/#website"},"primaryImageOfPage":{"@id":"https:\/\/www.gino-ag.com\/de\/produkte\/barrenschuetze\/#primaryimage"},"image":{"@id":"https:\/\/www.gino-ag.com\/de\/produkte\/barrenschuetze\/#primaryimage"},"thumbnailUrl":"https:\/\/www.gino-ag.com\/wp-content\/uploads\/GINO_Produkte_Barrenschuetze.jpg","datePublished":"2020-07-14T10:21:22+00:00","dateModified":"2022-01-20T16:49:40+00:00","description":"Das ZORC-Modul sch\u00fctzt Motoren, Transformatoren und Generatoren vor hochfrequenten Spannungsspitzen.","breadcrumb":{"@id":"https:\/\/www.gino-ag.com\/de\/produkte\/barrenschuetze\/#breadcrumb"},"inLanguage":"de","potentialAction":[{"@type":"ReadAction","target":["https:\/\/www.gino-ag.com\/de\/produkte\/barrenschuetze\/"]}]},{"@type":"ImageObject","inLanguage":"de","@id":"https:\/\/www.gino-ag.com\/de\/produkte\/barrenschuetze\/#primaryimage","url":"https:\/\/www.gino-ag.com\/wp-content\/uploads\/GINO_Produkte_Barrenschuetze.jpg","contentUrl":"https:\/\/www.gino-ag.com\/wp-content\/uploads\/GINO_Produkte_Barrenschuetze.jpg","width":1920,"height":480},{"@type":"BreadcrumbList","@id":"https:\/\/www.gino-ag.com\/de\/produkte\/barrenschuetze\/#breadcrumb","itemListElement":[{"@type":"ListItem","position":1,"name":"Startseite","item":"https:\/\/www.gino-ag.com\/de\/"},{"@type":"ListItem","position":2,"name":"Produkte","item":"https:\/\/www.gino-ag.com\/de\/produkte\/"},{"@type":"ListItem","position":3,"name":"Barrensch\u00fctze"}]},{"@type":"WebSite","@id":"https:\/\/www.gino-ag.com\/de\/#website","url":"https:\/\/www.gino-ag.com\/de\/","name":"GINO AG","description":"Elektrische Widerst\u00e4nde von 50 W bis 360 MW","potentialAction":[{"@type":"SearchAction","target":{"@type":"EntryPoint","urlTemplate":"https:\/\/www.gino-ag.com\/de\/?s={search_term_string}"},"query-input":{"@type":"PropertyValueSpecification","valueRequired":true,"valueName":"search_term_string"}}],"inLanguage":"de"}]}},"_links":{"self":[{"href":"https:\/\/www.gino-ag.com\/de\/wp-json\/wp\/v2\/pages\/3926","targetHints":{"allow":["GET"]}}],"collection":[{"href":"https:\/\/www.gino-ag.com\/de\/wp-json\/wp\/v2\/pages"}],"about":[{"href":"https:\/\/www.gino-ag.com\/de\/wp-json\/wp\/v2\/types\/page"}],"author":[{"embeddable":true,"href":"https:\/\/www.gino-ag.com\/de\/wp-json\/wp\/v2\/users\/19"}],"replies":[{"embeddable":true,"href":"https:\/\/www.gino-ag.com\/de\/wp-json\/wp\/v2\/comments?post=3926"}],"version-history":[{"count":3,"href":"https:\/\/www.gino-ag.com\/de\/wp-json\/wp\/v2\/pages\/3926\/revisions"}],"predecessor-version":[{"id":8353,"href":"https:\/\/www.gino-ag.com\/de\/wp-json\/wp\/v2\/pages\/3926\/revisions\/8353"}],"up":[{"embeddable":true,"href":"https:\/\/www.gino-ag.com\/de\/wp-json\/wp\/v2\/pages\/7"}],"wp:featuredmedia":[{"embeddable":true,"href":"https:\/\/www.gino-ag.com\/de\/wp-json\/wp\/v2\/media\/5909"}],"wp:attachment":[{"href":"https:\/\/www.gino-ag.com\/de\/wp-json\/wp\/v2\/media?parent=3926"}],"curies":[{"name":"wp","href":"https:\/\/api.w.org\/{rel}","templated":true}]}}