{"id":254,"date":"2016-04-22T16:25:16","date_gmt":"2016-04-22T14:25:16","guid":{"rendered":"http:\/\/gino.xtek.hosting\/?page_id=254"},"modified":"2025-09-23T09:07:34","modified_gmt":"2025-09-23T07:07:34","slug":"anwendungen","status":"publish","type":"page","link":"https:\/\/www.gino-ag.com\/de\/anwendungen\/","title":{"rendered":"Anwendungen"},"content":{"rendered":"<div id=\"pl-254\"  class=\"panel-layout\" ><div id=\"pg-254-0\"  class=\"panel-grid panel-has-style\" ><div class=\"anwendung-row panel-row-style panel-row-style-for-254-0\" ><div id=\"pgc-254-0-0\"  class=\"panel-grid-cell\" ><div id=\"panel-254-0-0-0\" class=\"so-panel widget widget_black-studio-tinymce widget_black_studio_tinymce panel-first-child panel-last-child\" data-index=\"0\" ><div class=\"textwidget\"><p><img loading=\"lazy\" decoding=\"async\" class=\"img-responsive alignnone wp-image-548 size-full\" src=\"https:\/\/www.gino-ag.com\/wp-content\/uploads\/GINO_Anwendungen_Windenergie_320x170.jpg\" alt=\"Anwendungsbereiche\" width=\"320\" height=\"170\" \/><\/p>\n<h2>Windenergie<\/h2>\n<p>Um Lastspitzen beim Generator entgegen zu wirken und die Windkraftanlage vor Sch\u00e4den zu sch\u00fctzen, bietet GINO individuelle L\u00f6sungen.<\/p>\n<p><a href=\"https:\/\/www.gino-ag.com\/de\/anwendungen\/windenergie\/\">Lesen Sie mehr \u00bb<\/a><\/p>\n<\/div><\/div><\/div><div id=\"pgc-254-0-1\"  class=\"panel-grid-cell\" ><div id=\"panel-254-0-1-0\" class=\"so-panel widget widget_black-studio-tinymce widget_black_studio_tinymce panel-first-child panel-last-child\" data-index=\"1\" ><div class=\"textwidget\"><p><img loading=\"lazy\" decoding=\"async\" width=\"320\" height=\"170\" class=\"alignnone size-full wp-image-542 img-responsive\" src=\"https:\/\/www.gino-ag.com\/wp-content\/uploads\/GINO_Anwendungen_Marine-Hafentechnik_320x170.jpg\" alt=\"GINO_Anwendungen_Marine-Hafentechnik_320x170\" \/><\/p>\n<h2>Marine-\/Hafentechnik<\/h2>\n<p>Die hier herrschenden Wind- und Wetterverh\u00e4ltnisse m\u00fcssen bei Marine-Applikationen stark ber\u00fccksichtigt werden.<br \/>\n\u00a0<\/p>\n<p><a href=\"https:\/\/www.gino-ag.com\/de\/anwendungen\/marine-hafentechnik\/\">Lesen Sie mehr \u00bb<\/a><\/p>\n<\/div><\/div><\/div><\/div><\/div><div id=\"pg-254-1\"  class=\"panel-grid panel-has-style\" ><div class=\"anwendung-row panel-row-style panel-row-style-for-254-1\" ><div id=\"pgc-254-1-0\"  class=\"panel-grid-cell\" ><div id=\"panel-254-1-0-0\" class=\"so-panel widget widget_black-studio-tinymce widget_black_studio_tinymce panel-first-child panel-last-child\" data-index=\"2\" ><div class=\"textwidget\"><p><img loading=\"lazy\" decoding=\"async\" width=\"320\" height=\"170\" class=\"alignnone size-full wp-image-543 img-responsive\" src=\"https:\/\/www.gino-ag.com\/wp-content\/uploads\/GINO_Anwendungen_Antriebstechnik_320x170.jpg\" alt=\"GINO_Anwendungen_Antriebstechnik_320x170\" \/><\/p>\n<h2>Antriebstechnik<\/h2>\n<p>F\u00fcr Anwendungsbereiche wie Maschinenbau, Messtechnik, Robotik oder auch der Textilindustrie bietet GINO unter anderem f\u00fcr Frequenzumrichter im Bereich Widerst\u00e4nde passende L\u00f6sungen.<\/p>\n<p><a href=\"https:\/\/www.gino-ag.com\/de\/anwendungen\/antriebstechnik\/\">Lesen Sie mehr \u00bb<\/a><\/p>\n<\/div><\/div><\/div><div id=\"pgc-254-1-1\"  class=\"panel-grid-cell\" ><div id=\"panel-254-1-1-0\" class=\"so-panel widget widget_black-studio-tinymce widget_black_studio_tinymce panel-first-child panel-last-child\" data-index=\"3\" ><div class=\"textwidget\"><p><img loading=\"lazy\" decoding=\"async\" class=\"img-responsive alignnone wp-image-544 size-full\" src=\"https:\/\/www.gino-ag.com\/wp-content\/uploads\/GINO_Anwendungen_Generatoren-USV-Tests_320x170.jpg\" alt=\"Anwendungen\" width=\"320\" height=\"170\" \/><\/p>\n<h2>Generatoren-\/USV-Tests<\/h2>\n<p>Zum Testen von Generatoren oder Aggregaten bietet GINO in allen Leistungsbereichen Belastungswiderst\u00e4nde mit kundenspezifischer Stufenschaltung.<\/p>\n<p><a href=\"https:\/\/www.gino-ag.com\/de\/anwendungen\/generatoren-und-usv-tests\/\">Lesen Sie mehr \u00bb<\/a><\/p>\n<\/div><\/div><\/div><\/div><\/div><div id=\"pg-254-2\"  class=\"panel-grid panel-has-style\" ><div class=\"anwendung-row panel-row-style panel-row-style-for-254-2\" ><div id=\"pgc-254-2-0\"  class=\"panel-grid-cell\" ><div id=\"panel-254-2-0-0\" class=\"so-panel widget widget_black-studio-tinymce widget_black_studio_tinymce panel-first-child panel-last-child\" data-index=\"4\" ><div class=\"textwidget\"><p><img loading=\"lazy\" decoding=\"async\" width=\"320\" height=\"170\" class=\"alignnone size-full wp-image-545 img-responsive\" src=\"https:\/\/www.gino-ag.com\/wp-content\/uploads\/GINO_Anwendungen_Mineral-Zementindustrie_320x170.jpg\" alt=\"GINO_Anwendungen_Mineral-Zementindustrie_320x170\" \/><\/p>\n<h2>Mineral-\/Zementindustrie<\/h2>\n<p>GINO liefert in der Zementindustrie f\u00fcr Schleifringl\u00e4ufermotoren verschiedene Arten von Anlassern f\u00fcr Kugelm\u00fchlen, Brecher, Ventilatoren oder F\u00f6rderb\u00e4nder.<\/p>\n<p><a href=\"https:\/\/www.gino-ag.com\/de\/anwendungen\/mineral-und-zementindustrie\/\">Lesen Sie mehr \u00bb<\/a><\/p>\n<\/div><\/div><\/div><div id=\"pgc-254-2-1\"  class=\"panel-grid-cell\" ><div id=\"panel-254-2-1-0\" class=\"so-panel widget widget_black-studio-tinymce widget_black_studio_tinymce panel-first-child panel-last-child\" data-index=\"5\" ><div class=\"textwidget\"><p><img loading=\"lazy\" decoding=\"async\" width=\"320\" height=\"170\" class=\"alignnone size-full wp-image-546 img-responsive\" src=\"https:\/\/www.gino-ag.com\/wp-content\/uploads\/GINO_Anwendungen_Rolltreppen-Aufzuege_320x170.jpg\" alt=\"GINO_Anwendungen_Rolltreppen-Aufzuege_320x170\" \/><\/p>\n<h2>Rolltreppen\/Aufz\u00fcge<\/h2>\n<p>Rolltreppen und Aufz\u00fcge fordern ein hohes Ma\u00df an Sicherheit. GINO Bremswiderst\u00e4nde erf\u00fcllen die Standards und k\u00f6nnen in den verschiedensten Varianten gefertigt werden.<\/p>\n<p><a href=\"https:\/\/www.gino-ag.com\/de\/anwendungen\/rolltreppenaufzuege\/\">Lesen Sie mehr \u00bb<\/a><\/p>\n<\/div><\/div><\/div><\/div><\/div><div id=\"pg-254-3\"  class=\"panel-grid panel-has-style\" ><div class=\"anwendung-row panel-row-style panel-row-style-for-254-3\" ><div id=\"pgc-254-3-0\"  class=\"panel-grid-cell\" ><div id=\"panel-254-3-0-0\" class=\"so-panel widget widget_black-studio-tinymce widget_black_studio_tinymce panel-first-child panel-last-child\" data-index=\"6\" ><div class=\"textwidget\"><p><img loading=\"lazy\" decoding=\"async\" width=\"320\" height=\"170\" class=\"alignnone size-full wp-image-733 img-responsive\" src=\"https:\/\/www.gino-ag.com\/wp-content\/uploads\/GINO_Verkehrstechnik_320x170.jpg\" alt=\"GINO Verkehrstechnik\" \/><\/p>\n<h2>Verkehrstechnik<\/h2>\n<p>Elektrische Bremsen in Bahn, Metro, Tram, elektrischen Bussen oder Mining Trucks \u2013 GINO bietet f\u00fcr alle Bereiche verschiedene Varianten von Widerst\u00e4nden.<br \/>\n\u00a0<\/p>\n<p><div class=\"aufklappbereich\"><p class=\"aufklapplink\">LESEN SIE MEHR \u00bb <\/p><div class=\"aufklappbereich-inner\" style=\"display: none;\"><\/p>\n<p>Beim elektrischen Bremsen von Drehstrommotoren wird die kinetische Energie \u00fcber Bremswiderst\u00e4nde in W\u00e4rme umgewandelt.<\/p>\n<p>Wichtige Kriterien bei Bremswiderst\u00e4nden in der Verkehrstechnik sind besondere Anforderungen an die elektrische und mechanische Belastbarkeit sowie Betriebssicherheit, Wartungsarmut und lange Lebensdauer.<\/p>\n<p>GINO-Bremswiderst\u00e4nde sind hier zum Beispiel in der Metro Prag oder auch in dem Transrapid in Shanghai (Maglev) zu finden und gew\u00e4hrleisten das sichere Bremsen der Fahrzeuge.<br \/>\n\u00a0<\/p>\n<h2>Produkte:<\/h2>\n<p class=\"produktlink\"><a href=\"https:\/\/www.gino-ag.com\/de\/produkte\/erdungswiderstaende\/\">Erdungswiderst\u00e4nde \u00bb<\/a><\/p>\n<p class=\"produktlink\"><a href=\"https:\/\/www.gino-ag.com\/de\/produkte\/verkehrstechnik-bahnwiderstaende\/\">Verkehrstechnik \u00bb<\/a><\/p>\n<p><\/div><\/div><\/p>\n<\/div><\/div><\/div><div id=\"pgc-254-3-1\"  class=\"panel-grid-cell\" ><div id=\"panel-254-3-1-0\" class=\"so-panel widget widget_black-studio-tinymce widget_black_studio_tinymce panel-first-child panel-last-child\" data-index=\"7\" ><div class=\"textwidget\"><p><img loading=\"lazy\" decoding=\"async\" width=\"320\" height=\"170\" class=\"alignnone size-full wp-image-541 img-responsive\" src=\"https:\/\/www.gino-ag.com\/wp-content\/uploads\/GINO_Anwendungen_Krantechnik_320x170.jpg\" alt=\"GINO_Anwendungen_Krantechnik_320x170\" \/><\/p>\n<h2>Krantechnik<\/h2>\n<p>In der Krantechnik bietet GINO f\u00fcr verschiedenste Anforderungen Widerst\u00e4nde. Besonders der unterschiedliche und oftmals knappe Platzbedarf ist hierbei eine Herausforderung, der sich GINO gerne stellt.<\/p>\n<p><a href=\"https:\/\/www.gino-ag.com\/de\/anwendungen\/krantechnik\/\">Lesen Sie mehr \u00bb<\/a><\/p>\n<\/div><\/div><\/div><\/div><\/div><\/div>","protected":false},"excerpt":{"rendered":"<p>Windenergie Um Lastspitzen beim Generator entgegen zu wirken und die Windkraftanlage vor Sch\u00e4den zu sch\u00fctzen, bietet GINO individuelle L\u00f6sungen. Lesen Sie mehr \u00bb Marine-\/Hafentechnik Die hier herrschenden Wind- und Wetterverh\u00e4ltnisse m\u00fcssen bei Marine-Applikationen stark ber\u00fccksichtigt werden. \u00a0 Lesen Sie mehr \u00bb Antriebstechnik F\u00fcr Anwendungsbereiche wie Maschinenbau, Messtechnik, Robotik oder auch der Textilindustrie bietet GINO unter [&hellip;]<\/p>\n","protected":false},"author":1,"featured_media":5611,"parent":0,"menu_order":0,"comment_status":"closed","ping_status":"closed","template":"","meta":{"_acf_changed":false,"footnotes":""},"class_list":["post-254","page","type-page","status-publish","has-post-thumbnail","hentry"],"acf":[],"yoast_head":"<!-- This site is optimized with the Yoast SEO plugin v27.4 - https:\/\/yoast.com\/product\/yoast-seo-wordpress\/ -->\n<title>Widerst\u00e4nde f\u00fcr Anwendungen in industriellen Bereichen<\/title>\n<meta name=\"description\" content=\"GINO-Widerst\u00e4nde finden Anwendungen in den zahlreichen industriellen Bereichen auf der ganzen Welt. Wir stellen unsere Produkte in Deutschland und China her.\" \/>\n<meta name=\"robots\" content=\"index, follow, max-snippet:-1, max-image-preview:large, max-video-preview:-1\" \/>\n<link rel=\"canonical\" href=\"https:\/\/www.gino-ag.com\/de\/anwendungen\/\" \/>\n<meta property=\"og:locale\" content=\"de_DE\" \/>\n<meta property=\"og:type\" content=\"article\" \/>\n<meta property=\"og:title\" content=\"Widerst\u00e4nde f\u00fcr Anwendungen in industriellen Bereichen\" \/>\n<meta property=\"og:description\" content=\"GINO-Widerst\u00e4nde finden Anwendungen in den zahlreichen industriellen Bereichen auf der ganzen Welt. Wir stellen unsere Produkte in Deutschland und China her.\" \/>\n<meta property=\"og:url\" content=\"https:\/\/www.gino-ag.com\/de\/anwendungen\/\" \/>\n<meta property=\"og:site_name\" content=\"GINO AG\" \/>\n<meta property=\"article:modified_time\" content=\"2025-09-23T07:07:34+00:00\" \/>\n<meta property=\"og:image\" content=\"https:\/\/www.gino-ag.com\/wp-content\/uploads\/GINO_Header_Anwendungen.jpg\" \/>\n\t<meta property=\"og:image:width\" content=\"1920\" \/>\n\t<meta property=\"og:image:height\" content=\"480\" \/>\n\t<meta property=\"og:image:type\" content=\"image\/jpeg\" \/>\n<meta name=\"twitter:card\" content=\"summary_large_image\" \/>\n<meta name=\"twitter:label1\" content=\"Gesch\u00e4tzte Lesezeit\" \/>\n\t<meta name=\"twitter:data1\" content=\"4\u00a0Minuten\" \/>\n<script type=\"application\/ld+json\" class=\"yoast-schema-graph\">{\"@context\":\"https:\\\/\\\/schema.org\",\"@graph\":[{\"@type\":\"WebPage\",\"@id\":\"https:\\\/\\\/www.gino-ag.com\\\/de\\\/anwendungen\\\/\",\"url\":\"https:\\\/\\\/www.gino-ag.com\\\/de\\\/anwendungen\\\/\",\"name\":\"Widerst\u00e4nde f\u00fcr Anwendungen in industriellen Bereichen\",\"isPartOf\":{\"@id\":\"https:\\\/\\\/www.gino-ag.com\\\/de\\\/#website\"},\"primaryImageOfPage\":{\"@id\":\"https:\\\/\\\/www.gino-ag.com\\\/de\\\/anwendungen\\\/#primaryimage\"},\"image\":{\"@id\":\"https:\\\/\\\/www.gino-ag.com\\\/de\\\/anwendungen\\\/#primaryimage\"},\"thumbnailUrl\":\"https:\\\/\\\/www.gino-ag.com\\\/wp-content\\\/uploads\\\/GINO_Header_Anwendungen.jpg\",\"datePublished\":\"2016-04-22T14:25:16+00:00\",\"dateModified\":\"2025-09-23T07:07:34+00:00\",\"description\":\"GINO-Widerst\u00e4nde finden Anwendungen in den zahlreichen industriellen Bereichen auf der ganzen Welt. Wir stellen unsere Produkte in Deutschland und China her.\",\"breadcrumb\":{\"@id\":\"https:\\\/\\\/www.gino-ag.com\\\/de\\\/anwendungen\\\/#breadcrumb\"},\"inLanguage\":\"de\",\"potentialAction\":[{\"@type\":\"ReadAction\",\"target\":[\"https:\\\/\\\/www.gino-ag.com\\\/de\\\/anwendungen\\\/\"]}]},{\"@type\":\"ImageObject\",\"inLanguage\":\"de\",\"@id\":\"https:\\\/\\\/www.gino-ag.com\\\/de\\\/anwendungen\\\/#primaryimage\",\"url\":\"https:\\\/\\\/www.gino-ag.com\\\/wp-content\\\/uploads\\\/GINO_Header_Anwendungen.jpg\",\"contentUrl\":\"https:\\\/\\\/www.gino-ag.com\\\/wp-content\\\/uploads\\\/GINO_Header_Anwendungen.jpg\",\"width\":1920,\"height\":480},{\"@type\":\"BreadcrumbList\",\"@id\":\"https:\\\/\\\/www.gino-ag.com\\\/de\\\/anwendungen\\\/#breadcrumb\",\"itemListElement\":[{\"@type\":\"ListItem\",\"position\":1,\"name\":\"Startseite\",\"item\":\"https:\\\/\\\/www.gino-ag.com\\\/de\\\/\"},{\"@type\":\"ListItem\",\"position\":2,\"name\":\"Anwendungen\"}]},{\"@type\":\"WebSite\",\"@id\":\"https:\\\/\\\/www.gino-ag.com\\\/de\\\/#website\",\"url\":\"https:\\\/\\\/www.gino-ag.com\\\/de\\\/\",\"name\":\"GINO AG\",\"description\":\"Elektrische Widerst\u00e4nde von 50 W bis 360 MW\",\"potentialAction\":[{\"@type\":\"SearchAction\",\"target\":{\"@type\":\"EntryPoint\",\"urlTemplate\":\"https:\\\/\\\/www.gino-ag.com\\\/de\\\/?s={search_term_string}\"},\"query-input\":{\"@type\":\"PropertyValueSpecification\",\"valueRequired\":true,\"valueName\":\"search_term_string\"}}],\"inLanguage\":\"de\"}]}<\/script>\n<!-- \/ Yoast SEO plugin. -->","yoast_head_json":{"title":"Widerst\u00e4nde f\u00fcr Anwendungen in industriellen Bereichen","description":"GINO-Widerst\u00e4nde finden Anwendungen in den zahlreichen industriellen Bereichen auf der ganzen Welt. Wir stellen unsere Produkte in Deutschland und China her.","robots":{"index":"index","follow":"follow","max-snippet":"max-snippet:-1","max-image-preview":"max-image-preview:large","max-video-preview":"max-video-preview:-1"},"canonical":"https:\/\/www.gino-ag.com\/de\/anwendungen\/","og_locale":"de_DE","og_type":"article","og_title":"Widerst\u00e4nde f\u00fcr Anwendungen in industriellen Bereichen","og_description":"GINO-Widerst\u00e4nde finden Anwendungen in den zahlreichen industriellen Bereichen auf der ganzen Welt. Wir stellen unsere Produkte in Deutschland und China her.","og_url":"https:\/\/www.gino-ag.com\/de\/anwendungen\/","og_site_name":"GINO AG","article_modified_time":"2025-09-23T07:07:34+00:00","og_image":[{"width":1920,"height":480,"url":"https:\/\/www.gino-ag.com\/wp-content\/uploads\/GINO_Header_Anwendungen.jpg","type":"image\/jpeg"}],"twitter_card":"summary_large_image","twitter_misc":{"Gesch\u00e4tzte Lesezeit":"4\u00a0Minuten"},"schema":{"@context":"https:\/\/schema.org","@graph":[{"@type":"WebPage","@id":"https:\/\/www.gino-ag.com\/de\/anwendungen\/","url":"https:\/\/www.gino-ag.com\/de\/anwendungen\/","name":"Widerst\u00e4nde f\u00fcr Anwendungen in industriellen Bereichen","isPartOf":{"@id":"https:\/\/www.gino-ag.com\/de\/#website"},"primaryImageOfPage":{"@id":"https:\/\/www.gino-ag.com\/de\/anwendungen\/#primaryimage"},"image":{"@id":"https:\/\/www.gino-ag.com\/de\/anwendungen\/#primaryimage"},"thumbnailUrl":"https:\/\/www.gino-ag.com\/wp-content\/uploads\/GINO_Header_Anwendungen.jpg","datePublished":"2016-04-22T14:25:16+00:00","dateModified":"2025-09-23T07:07:34+00:00","description":"GINO-Widerst\u00e4nde finden Anwendungen in den zahlreichen industriellen Bereichen auf der ganzen Welt. Wir stellen unsere Produkte in Deutschland und China her.","breadcrumb":{"@id":"https:\/\/www.gino-ag.com\/de\/anwendungen\/#breadcrumb"},"inLanguage":"de","potentialAction":[{"@type":"ReadAction","target":["https:\/\/www.gino-ag.com\/de\/anwendungen\/"]}]},{"@type":"ImageObject","inLanguage":"de","@id":"https:\/\/www.gino-ag.com\/de\/anwendungen\/#primaryimage","url":"https:\/\/www.gino-ag.com\/wp-content\/uploads\/GINO_Header_Anwendungen.jpg","contentUrl":"https:\/\/www.gino-ag.com\/wp-content\/uploads\/GINO_Header_Anwendungen.jpg","width":1920,"height":480},{"@type":"BreadcrumbList","@id":"https:\/\/www.gino-ag.com\/de\/anwendungen\/#breadcrumb","itemListElement":[{"@type":"ListItem","position":1,"name":"Startseite","item":"https:\/\/www.gino-ag.com\/de\/"},{"@type":"ListItem","position":2,"name":"Anwendungen"}]},{"@type":"WebSite","@id":"https:\/\/www.gino-ag.com\/de\/#website","url":"https:\/\/www.gino-ag.com\/de\/","name":"GINO AG","description":"Elektrische Widerst\u00e4nde von 50 W bis 360 MW","potentialAction":[{"@type":"SearchAction","target":{"@type":"EntryPoint","urlTemplate":"https:\/\/www.gino-ag.com\/de\/?s={search_term_string}"},"query-input":{"@type":"PropertyValueSpecification","valueRequired":true,"valueName":"search_term_string"}}],"inLanguage":"de"}]}},"_links":{"self":[{"href":"https:\/\/www.gino-ag.com\/de\/wp-json\/wp\/v2\/pages\/254","targetHints":{"allow":["GET"]}}],"collection":[{"href":"https:\/\/www.gino-ag.com\/de\/wp-json\/wp\/v2\/pages"}],"about":[{"href":"https:\/\/www.gino-ag.com\/de\/wp-json\/wp\/v2\/types\/page"}],"author":[{"embeddable":true,"href":"https:\/\/www.gino-ag.com\/de\/wp-json\/wp\/v2\/users\/1"}],"replies":[{"embeddable":true,"href":"https:\/\/www.gino-ag.com\/de\/wp-json\/wp\/v2\/comments?post=254"}],"version-history":[{"count":25,"href":"https:\/\/www.gino-ag.com\/de\/wp-json\/wp\/v2\/pages\/254\/revisions"}],"predecessor-version":[{"id":10438,"href":"https:\/\/www.gino-ag.com\/de\/wp-json\/wp\/v2\/pages\/254\/revisions\/10438"}],"wp:featuredmedia":[{"embeddable":true,"href":"https:\/\/www.gino-ag.com\/de\/wp-json\/wp\/v2\/media\/5611"}],"wp:attachment":[{"href":"https:\/\/www.gino-ag.com\/de\/wp-json\/wp\/v2\/media?parent=254"}],"curies":[{"name":"wp","href":"https:\/\/api.w.org\/{rel}","templated":true}]}}