{"id":1306,"date":"2016-06-21T14:02:31","date_gmt":"2016-06-21T12:02:31","guid":{"rendered":"http:\/\/gino.xtek.hosting\/?page_id=1306"},"modified":"2020-11-27T21:35:22","modified_gmt":"2020-11-27T20:35:22","slug":"anfahrt-bonn","status":"publish","type":"page","link":"https:\/\/www.gino-ag.com\/de\/kontakt\/anfahrt-bonn\/","title":{"rendered":"Anfahrt Bonn"},"content":{"rendered":"<div id=\"pl-1306\"  class=\"panel-layout\" ><div id=\"pg-1306-0\"  class=\"panel-grid panel-has-style\" ><div class=\"abstand-header panel-row-style panel-row-style-for-1306-0\" ><div id=\"pgc-1306-0-0\"  class=\"panel-grid-cell\" ><div id=\"panel-1306-0-0-0\" class=\"so-panel widget widget_black-studio-tinymce widget_black_studio_tinymce panel-first-child\" data-index=\"0\" ><div class=\"textwidget\"><p><span class=\"code-example\"> <div class=\"brlbs-cmpnt-container brlbs-cmpnt-content-blocker brlbs-cmpnt-with-individual-styles\" data-borlabs-cookie-content-blocker-id=\"default\" data-borlabs-cookie-content=\"PGRpdiBjbGFzcz0id3BnbXBfbWFwX2NvbnRhaW5lciB3cGdtcC1tYXAtcHJvdmlkZXItZ29vZ2xlIHdwZ21wLW1hcC0zIiByZWw9Im1hcDMiIGRhdGEtcGx1Z2luLXZlcnNpb249IjQuOS4zIj48ZGl2IGNsYXNzPSJ3cGdtcF9tYXBfcGFyZW50Ij48ZGl2IGNsYXNzPSJ3cGdtcF9tYXAgIiBzdHlsZT0id2lkdGg6MTAwJTtoZWlnaHQ6NTAwcHgiIGlkPSJtYXAzIiBkYXRhLW1hcC1pZD0iMyI+PC9kaXY+PC9kaXY+PC9kaXY+PHNjcmlwdD5qUXVlcnkoZG9jdW1lbnQpLnJlYWR5KGZ1bmN0aW9uKCQpeyB3aW5kb3cud3BnbXAgPSB3aW5kb3cud3BnbXAgfHwge307IHdpbmRvdy53cGdtcC5tYXBkYXRhMyA9ICJleUpoZFhSdmMyOXlkQ0k2ZEhKMVpTd2liV0Z3WDI5d2RHbHZibk1pT25zaVkyVnVkR1Z5WDJ4aGRDSTZJalV3TGpjME9ETXlOeUlzSW1ObGJuUmxjbDlzYm1jaU9pSTNMakEzTWpZeE1qYzVPVGs1T1RrNU9TSXNJbnB2YjIwaU9qVXNJbTFoY0Y5MGVYQmxYMmxrSWpvaVNGbENVa2xFSWl3aVkyVnVkR1Z5WDJKNVgyNWxZWEpsYzNRaU9tWmhiSE5sTENKbWFYUmZZbTkxYm1SeklqcG1ZV3h6WlN3aWMyaHZkMTlqWlc1MFpYSmZZMmx5WTJ4bElqcG1ZV3h6WlN3aWMyaHZkMTlqWlc1MFpYSmZiV0Z5YTJWeUlqcG1ZV3h6WlN3aVkyVnVkR1Z5WDIxaGNtdGxjbDlwWTI5dUlqb2lhSFIwY0hNNlhDOWNMM2QzZHk1bmFXNXZMV0ZuTG1OdmJWd3ZkM0F0WTI5dWRHVnVkRnd2ZFhCc2IyRmtjMXd2UjBsT1QxOU5ZWEpyWlhJdWNHNW5JaXdpWkhKaFoyZGhZbXhsSWpwMGNuVmxMQ0p0WVhKclpYSmZaR1ZtWVhWc2RGOXBZMjl1SWpvaWFIUjBjSE02WEM5Y0wzZDNkeTVuYVc1dkxXRm5MbU52YlZ3dmQzQXRZMjl1ZEdWdWRGd3ZkWEJzYjJGa2Mxd3ZSMGxPVDE5TllYSnJaWEl1Y0c1bklpd2lhVzVtYjNkcGJtUnZkMTl6YTJsdUlqcDdJbTVoYldVaU9pSmtaV1poZFd4MElpd2lkSGx3WlNJNkltbHVabTkzYVc1a2IzY2lmU3dpYVc1bWIzZHBibVJ2ZDE5a2NtOXdYMkZ1YVcxaGRHbHZiaUk2Wm1Gc2MyVXNJbU5zYjNObFgybHVabTkzYVc1a2IzZGZiMjVmYldGd1gyTnNhV05ySWpwbVlXeHpaU3dpWkdWbVlYVnNkRjlwYm1admQybHVaRzkzWDI5d1pXNGlPbVpoYkhObExDSnBibVp2ZDJsdVpHOTNYMjl3Wlc1ZlpYWmxiblFpT2lKamJHbGpheUlzSW14cGMzUnBibWRmYVc1bWIzZHBibVJ2ZDE5dmNHVnVYMlYyWlc1MElqb2lZMnhwWTJzaUxDSnBjMTl0YjJKcGJHVWlPbVpoYkhObExDSnBibVp2ZDJsdVpHOTNYMlpwYkhSbGNsOXZibXg1SWpwbVlXeHpaU3dpYVc1bWIzZHBibVJ2ZDE5amJHbGphMTlqYUdGdVoyVmZZMlZ1ZEdWeUlqcG1ZV3h6WlN3aVpuVnNiRjl6WTNKbFpXNWZZMjl1ZEhKdmJDSTZkSEoxWlN3aVkyRnRaWEpoWDJOdmJuUnliMndpT21aaGJITmxMQ0p6WldGeVkyaGZZMjl1ZEhKdmJDSTZkSEoxWlN3aWVtOXZiVjlqYjI1MGNtOXNJanAwY25WbExDSnRZWEJmZEhsd1pWOWpiMjUwY205c0lqcDBjblZsTENKemRISmxaWFJmZG1sbGQxOWpiMjUwY205c0lqcDBjblZsTENKc2IyTmhkR1Z0WlY5amIyNTBjbTlzSWpwbVlXeHpaU3dpYlc5aWFXeGxYM053WldOcFptbGpJanBtWVd4elpTd2llbTl2YlY5dGIySnBiR1VpT2pVc0ltUnlZV2RuWVdKc1pWOXRiMkpwYkdVaU9uUnlkV1VzSW5OamNtOXNiRjkzYUdWbGJGOXRiMkpwYkdVaU9uUnlkV1VzSW1aMWJHeGZjMk55WldWdVgyTnZiblJ5YjJ4ZmNHOXphWFJwYjI0aU9pSlVUMUJmVEVWR1ZDSXNJbk5sWVhKamFGOWpiMjUwY205c1gzQnZjMmwwYVc5dUlqb2lWRTlRWDB4RlJsUWlMQ0o2YjI5dFgyTnZiblJ5YjJ4ZmNHOXphWFJwYjI0aU9pSlVUMUJmVEVWR1ZDSXNJbTFoY0Y5MGVYQmxYMk52Ym5SeWIyeGZjRzl6YVhScGIyNGlPaUpVVDFCZlRFVkdWQ0lzSW0xaGNGOTBlWEJsWDJOdmJuUnliMnhmYzNSNWJHVWlPaUpJVDFKSldrOU9WRUZNWDBKQlVpSXNJbk4wY21WbGRGOTJhV1YzWDJOdmJuUnliMnhmY0c5emFYUnBiMjRpT2lKVVQxQmZURVZHVkNJc0ltMWhjRjlwYm1admQybHVaRzkzWDJOMWMzUnZiV2x6WVhScGIyNXpJanBtWVd4elpTd2lhVzVtYjNkcGJtUnZkMTkzYVdSMGFDSTZJakV3TUNVaUxDSnphRzkzWDJsdVptOTNhVzVrYjNkZmFHVmhaR1Z5SWpwbVlXeHpaU3dpZW05dmJWOXNaWFpsYkY5aFpuUmxjbDl6WldGeVkyZ2lPakV3TENKa2IzVmliR1ZqYkdsamEzcHZiMjBpT21aaGJITmxMQ0pqZFhKeVpXNTBYM0J2YzNSZmIyNXNlU0k2Wm1Gc2MyVXNJbUZrZG1GdVkyVmZkR1Z0Y0d4aGRHVWlPbVpoYkhObExDSnRZWEJmZEdsc1pWOTFjbXdpT2lKb2RIUndjenBjTDF3dmUzTjlMblJwYkdVdWIzQmxibk4wY21WbGRHMWhjQzV2Y21kY0wzdDZmVnd2ZTNoOVhDOTdlWDB1Y0c1bklpd2liM0JsYm5OMGNtVmxkRjl6ZEhsc1pYTWlPbnNpVDNCbGJsTjBjbVZsZEUxaGNDNU5ZWEJ1YVdzaU9pSm9kSFJ3Y3pwY0wxd3ZlM045TG5ScGJHVXViM0JsYm5OMGNtVmxkRzFoY0M1dmNtZGNMM3Q2ZlZ3dmUzaDlYQzk3ZVgwdWNHNW5JaXdpVDNCbGJsTjBjbVZsZEUxaGNDNUVSU0k2SW1oMGRIQnpPbHd2WEM5N2MzMHVkR2xzWlM1dmNHVnVjM1J5WldWMGJXRndMbVJsWEM5MGFXeGxjMXd2YjNOdFpHVmNMM3Q2ZlZ3dmUzaDlYQzk3ZVgwdWNHNW5JaXdpVDNCbGJsTjBjbVZsZEUxaGNDNURTQ0k2SW1oMGRIQnpPbHd2WEM5MGFXeGxMbTl6YlM1amFGd3ZjM2RwZEhwbGNteGhibVJjTDN0NmZWd3ZlM2g5WEM5N2VYMHVjRzVuSWl3aVQzQmxibE4wY21WbGRFMWhjQzVHY21GdVkyVWlPaUpvZEhSd2N6cGNMMXd2ZTNOOUxuUnBiR1V1YjNCbGJuTjBjbVZsZEcxaGNDNW1jbHd2YjNOdFpuSmNMM3Q2ZlZ3dmUzaDlYQzk3ZVgwdWNHNW5JaXdpVDNCbGJsTjBjbVZsZEUxaGNDNUlUMVFpT2lKb2RIUndjenBjTDF3dmUzTjlMblJwYkdVdWIzQmxibk4wY21WbGRHMWhjQzVtY2x3dmFHOTBYQzk3ZW4xY0wzdDRmVnd2ZTNsOUxuQnVaeUlzSWs5d1pXNVRkSEpsWlhSTllYQXVRbHBJSWpvaWFIUjBjSE02WEM5Y0wzUnBiR1V1YjNCbGJuTjBjbVZsZEcxaGNDNWllbWhjTDJKeVhDOTdlbjFjTDN0NGZWd3ZlM2w5TG5CdVp5SXNJazl3Wlc1VWIzQnZUV0Z3SWpvaWFIUjBjSE02WEM5Y0wzdHpmUzUwYVd4bExtOXdaVzUwYjNCdmJXRndMbTl5WjF3dmUzcDlYQzk3ZUgxY0wzdDVmUzV3Ym1jaUxDSlVhSFZ1WkdWeVptOXlaWE4wTGs5d1pXNURlV05zWlUxaGNDSTZJbWgwZEhCek9sd3ZYQzlrWlhZdWUzTjlMblJwYkdVdWIzQmxibk4wY21WbGRHMWhjQzVtY2x3dlkzbGpiRzl6YlZ3dmUzcDlYQzk3ZUgxY0wzdDVmUzV3Ym1jaUxDSlBjR1Z1VFdGd1UzVnlabVZ5TGxKdllXUnpJam9pYUhSMGNITTZYQzljTDIxaGNITXVhR1ZwWjJsMExtOXlaMXd2YjNCbGJtMWhjSE4xY21abGNsd3ZkR2xzWlhOY0wzSnZZV1J6WEM5M1pXSnRaWEpqWVhSdmNsd3ZlM3A5WEM5N2VIMWNMM3Q1ZlM1d2JtY2lmU3dpYjNCbGJuTjBjbVZsZEY5emRIbHNaWE5mYldGeWEzVndJam9pUEhObGJHVmpkQ0JqYkdGemN6MWNJbmR3YjIxd1gyMWhjRjkwZVhCbFhDSStQRzl3ZEdsdmJpQjJZV3gxWlQxY0lrOXdaVzVUZEhKbFpYUk5ZWEF1VFdGd2JtbHJYQ0krVDNCbGJsTjBjbVZsZEUxaGNDNU5ZWEJ1YVdzOFhDOXZjSFJwYjI0K1BHOXdkR2x2YmlCMllXeDFaVDFjSWs5d1pXNVRkSEpsWlhSTllYQXVSRVZjSWo1UGNHVnVVM1J5WldWMFRXRndMa1JGUEZ3dmIzQjBhVzl1UGp4dmNIUnBiMjRnZG1Gc2RXVTlYQ0pQY0dWdVUzUnlaV1YwVFdGd0xrTklYQ0krVDNCbGJsTjBjbVZsZEUxaGNDNURTRHhjTDI5d2RHbHZiajQ4YjNCMGFXOXVJSFpoYkhWbFBWd2lUM0JsYmxOMGNtVmxkRTFoY0M1R2NtRnVZMlZjSWo1UGNHVnVVM1J5WldWMFRXRndMa1p5WVc1alpUeGNMMjl3ZEdsdmJqNDhiM0IwYVc5dUlIWmhiSFZsUFZ3aVQzQmxibE4wY21WbGRFMWhjQzVJVDFSY0lqNVBjR1Z1VTNSeVpXVjBUV0Z3TGtoUFZEeGNMMjl3ZEdsdmJqNDhiM0IwYVc5dUlIWmhiSFZsUFZ3aVQzQmxibE4wY21WbGRFMWhjQzVDV2toY0lqNVBjR1Z1VTNSeVpXVjBUV0Z3TGtKYVNEeGNMMjl3ZEdsdmJqNDhiM0IwYVc5dUlIWmhiSFZsUFZ3aVQzQmxibFJ2Y0c5TllYQmNJajVQY0dWdVZHOXdiMDFoY0R4Y0wyOXdkR2x2Ymo0OGIzQjBhVzl1SUhaaGJIVmxQVndpVkdoMWJtUmxjbVp2Y21WemRDNVBjR1Z1UTNsamJHVk5ZWEJjSWo1VWFIVnVaR1Z5Wm05eVpYTjBMazl3Wlc1RGVXTnNaVTFoY0R4Y0wyOXdkR2x2Ymo0OGIzQjBhVzl1SUhaaGJIVmxQVndpVDNCbGJrMWhjRk4xY21abGNpNVNiMkZrYzF3aVBrOXdaVzVOWVhCVGRYSm1aWEl1VW05aFpITThYQzl2Y0hScGIyNCtQRnd2YzJWc1pXTjBQaUlzSW0xaGNGOWliM2hmYzNSNWJHVnpYMjFoY210MWNDSTZJanh6Wld4bFkzUWdZMnhoYzNNOVhDSjNjRzl0Y0Y5dFlYQmliM2hmZEhsd1pWd2lQanh2Y0hScGIyNGdkbUZzZFdVOVhDSnpkSEpsWlhSekxYWXhNVndpUGxOMGNtVmxkSE04WEM5dmNIUnBiMjQrUEc5d2RHbHZiaUIyWVd4MVpUMWNJbXhwWjJoMExYWXhNRndpUGt4cFoyaDBQRnd2YjNCMGFXOXVQanh2Y0hScGIyNGdkbUZzZFdVOVhDSmtZWEpyTFhZeE1Gd2lQa1JoY21zOFhDOXZjSFJwYjI0K1BHOXdkR2x2YmlCMllXeDFaVDFjSW05MWRHUnZiM0p6TFhZeE1Wd2lQazkxZEdSdmIzSnpQRnd2YjNCMGFXOXVQanh2Y0hScGIyNGdkbUZzZFdVOVhDSnpZWFJsYkd4cGRHVXRkamxjSWo1VFlYUmxiR3hwZEdVOFhDOXZjSFJwYjI0K1BGd3ZjMlZzWldOMFBpSXNJbUp2ZFc1a1gyMWhjRjloWm5SbGNsOW1hV3gwWlhJaU9tWmhiSE5sTENKa2FYTndiR0Y1WDNKbGMyVjBYMkoxZEhSdmJpSTZabUZzYzJVc0ltMWhjRjl5WlhObGRGOWlkWFIwYjI1ZmRHVjRkQ0k2SWxwMWNseDFNREJtWTJOcmMyVjBlbVZ1SWl3aWFHVnBaMmgwSWpvaU5UQXdJaXdpZEdsc1pYTmZjSEp2ZG1sa1pYSWlPaUp2Y0dWdWMzUnlaV1YwSW4wc0luQnNZV05sY3lJNlczc2lhV1FpT2lJek55SXNJblJwZEd4bElqb2lRVzVtWVdoeWRDQkNiMjV1SWl3aVlXUmtjbVZ6Y3lJNklrWnlhV1ZrY21samFDMVhYSFV3TUdZMmFHeGxjaTFUZEhKaFhIVXdNR1JtWlNBMk5Td2dOVE14TVRjZ1FtOXViaXdnUkdWMWRITmphR3hoYm1RaUxDSnpiM1Z5WTJVaU9pSnRZVzUxWVd3aUxDSmpiMjUwWlc1MElqb2lQR0krUjBsT1R5QkJSenhjTDJJK1BHSnlQbHh5WEc1RmJHVnJkSEp2ZEdWamFHNXBjMk5vWlNCR1lXSnlhV3M4WW5JK1hISmNia1p5YVdWa2NtbGphQzFYWEhVd01HWTJhR3hsY2kxVGRISXVJRFkxUEdKeVBseHlYRzVFSURVek1URTNJRUp2Ym00OFluSStYSEpjYmxSbGJDNGdLelE1SUNnd0tTQXlNamdnT1RnZ09UZ2dOaUF0SURBOFluSStYSEpjYmtaaGVDNGdLelE1SUNnd0tTQXlNamdnT1RnZ09UZ2dOaUF0SURNMFBHSnlQbHh5WEc1RmJXRnBiRG9nUEdFZ2FISmxaajFjSW0xaGFXeDBienBwYm1adlFHZHBibTh1WkdWY0lqNXBibVp2UUdkcGJtOHVaR1U4WEM5aFBpSXNJbXh2WTJGMGFXOXVJanA3SW1samIyNGlPaUpvZEhSd2N6cGNMMXd2ZDNkM0xtZHBibTh0WVdjdVkyOXRYQzkzY0MxamIyNTBaVzUwWEM5MWNHeHZZV1J6WEM5SFNVNVBYMDFoY210bGNpNXdibWNpTENKc1lYUWlPaUkxTUM0M05EZ3pNamNpTENKc2JtY2lPaUkzTGpBM01qWXhNamM1T1RrNU9UazVPU0lzSW1OcGRIa2lPaUpDYjI1dUlpd2ljM1JoZEdVaU9pSk9iM0prY21obGFXNHRWMlZ6ZEdaaGJHVnVJaXdpWTI5MWJuUnllU0k2SWtkbGNtMWhibmtpTENKdmJtTnNhV05yWDJGamRHbHZiaUk2SW0xaGNtdGxjaUlzSW0xaGNtdGxjbDlwYldGblpTSTZJanhrYVhZZ1kyeGhjM005SjJaakxXWmxZWFIxY21VdGFXMW5KejQ4YVcxbklHeHZZV1JwYm1jOUoyeGhlbmtuSUdSbFkyOWthVzVuUFNkaGMzbHVZeWNnWVd4MFBTZEJibVpoYUhKMElFSnZibTRuSUhOeVl6MG5hSFIwY0hNNlhDOWNMM2QzZHk1bmFXNXZMV0ZuTG1OdmJWd3ZkM0F0WTI5dWRHVnVkRnd2Y0d4MVoybHVjMXd2ZDNBdFoyOXZaMnhsTFcxaGNDMXdiSFZuYVc1Y0wyRnpjMlYwYzF3dmFXMWhaMlZ6WEM5ellXMXdiR1V1YW5Cbkp5QmpiR0Z6Y3owbmQzQm5iWEJmYldGeWEyVnlYMmx0WVdkbElHWmpMV2wwWlcwdFptVmhkSFZ5WldSZmFXMWhaMlVnWm1NdGFYUmxiUzFzWVhKblpTY2dYQzgrUEZ3dlpHbDJQaUlzSW05d1pXNWZibVYzWDNSaFlpSTZJbmxsY3lJc0ltRnVhVzFoZEdsdmJpSTZJa0pQVlU1RFJTSXNJbWx1Wm05M2FXNWtiM2RmWkdsellXSnNaU0k2ZEhKMVpTd2llbTl2YlNJNk5Td2laWGgwY21GZlptbGxiR1J6SWpwN0lteHBjM1J2Y21SbGNpSTZNSDE5TENKallYUmxaMjl5YVdWeklqcGJleUp1WVcxbElqb2lWVzVqWVhSbFoyOXlhV1Z6SWl3aWRIbHdaU0k2SW1OaGRHVm5iM0o1SW4xZGZWMHNJbTFoY0Y5d2NtOXdaWEowZVNJNmV5SnRZWEJmYVdRaU9pSXpJbjBzSW5Ob1lYQmxjeUk2ZXlKa2NtRjNhVzVuWDJWa2FYUmhZbXhsSWpwbVlXeHpaWDBzSW1acGJIUmxjbk1pT25zaVptbHNkR1Z5YzE5amIyNTBZV2x1WlhJaU9pSmJaR0YwWVMxamIyNTBZV2x1WlhJOVhDSjNjR2R0Y0MxbWFXeDBaWEp6TFdOdmJuUmhhVzVsY2x3aVhTSjlMQ0puYkc5aVlXeGZjMlYwZEdsdVozTWlPbnNpZDNCbmJYQmZaMlJ3Y2w5dGMyY2lPaUpRYkdWaGMyVWdZV05qWlhCMElHTnZiMnRwWlhNZ2RHOGdjMmh2ZHlCbmIyOW5iR1VnYldGd2N5NGlmU3dpY0hKdmRtbGtaWElpT2lKbmIyOW5iR1VpTENKaGNHbExaWGtpT2lJaWZRPT0iOyB9KTs8L3NjcmlwdD4=\"><div class=\"brlbs-cmpnt-cb-preset-a\"> <p class=\"brlbs-cmpnt-cb-description\">Sie sehen gerade einen Platzhalterinhalt von <strong>Standard<\/strong>. Um auf den eigentlichen Inhalt zuzugreifen, klicken Sie auf den Button unten. Bitte beachten Sie, dass dabei Daten an Drittanbieter weitergegeben werden.<\/p> <div class=\"brlbs-cmpnt-cb-buttons\"> <a class=\"brlbs-cmpnt-cb-btn\" href=\"#\" data-borlabs-cookie-unblock role=\"button\">Inhalt entsperren<\/a> <a class=\"brlbs-cmpnt-cb-btn\" href=\"#\" data-borlabs-cookie-accept-service role=\"button\" style=\"display: none\">Erforderlichen Service akzeptieren und Inhalte entsperren<\/a> <\/div> <a class=\"brlbs-cmpnt-cb-provider-toggle\" href=\"#\" data-borlabs-cookie-show-provider-information role=\"button\">Weitere Informationen<\/a> <\/div><\/div><\/span><\/p>\n<\/div><\/div><div id=\"panel-1306-0-0-1\" class=\"so-panel widget widget_black-studio-tinymce widget_black_studio_tinymce\" data-index=\"1\" ><div class=\"textwidget\"><h2>\u00a0<\/h2>\n<h2>Aus n\u00f6rdlicher Richtung:<\/h2>\n<p>Autobahn A3 aus D\u00fcsseldorf Richtung K\u00f6ln bis zum AB-Dreieck K\u00f6ln-Heumar. Abbiegen auf die Autobahn A59 in Richtung Bonn. Bei Bonn-Beuel abbiegen auf die Autobahn A565 in Richtung Koblenz. Auf der Rheinbr\u00fccke beginnt bereits die AB-Ausfahrt: Bonn-Auerberg. Nach der Ausfahrt rechts abbiegen. Dem Stra\u00dfen-\/ Stra\u00dfenbahnschienenverlauf folgen. Die Kreuzung K\u00f6lnstra\u00dfe geradeaus \u00fcberqueren. Nach ca. 500 m nach links abbiegen in die Friedrich-W\u00f6hler-Stra\u00dfe 65. Nach ca. 100 m nach links abbiegen in die Firmen-Toreinfahrt. Das Ziel GINO AG ist erreicht.<\/p>\n<h2>Aus s\u00fcdlicher Richtung:<\/h2>\n<p>Autobahn A3 aus Frankfurt Richtung K\u00f6ln bis zur Ausfahrt Bonn\/Siegburg (1. Flughafenhinweis). Abbiegen auf die Autobahn A560 in Richtung St. Augustin. Am AB-Dreieck St. Augustin abbiegen auf die Autobahn A59 in Richtung Bonn. Bei Bonn-Beuel abbiegen auf die Autobahn A565 in Richtung Koblenz. Auf der Rheinbr\u00fccke beginnt bereits die AB-Ausfahrt Bonn-Auerberg. Nach der Ausfahrt rechts abbiegen. Dem Stra\u00dfen-\/ Stra\u00dfenbahnschienenverlauf folgen. Die Kreuzung K\u00f6lnstra\u00dfe geradeaus \u00fcberqueren. Nach ca. 500 m nach links abbiegen in die Friedrich-W\u00f6hler-Stra\u00dfe 65. Nach ca. 100 m nach links abbiegen in die Firmen-Toreinfahrt. Das Ziel GINO AG ist erreicht.<\/p>\n<h2>Aus westlicher Richtung:<\/h2>\n<p>Autobahn A61 aus Koblenz Richtung K\u00f6ln. Am AB-Kreuz Meckenheim abbiegen auf die Autobahn A565 in Richtung Bonn. Autobahnausfahrt Bonn-Tannenbusch. Nach der Ausfahrt links abbiegen, die Autobahn unterqueren. An der n\u00e4chsten Ampelanlage nach rechts abbiegen, in die Berta-Lungstras-Stra\u00dfe. An der n\u00e4chsten Ampelanlage nach rechts abbiegen in die Oppelner Stra\u00dfe. Nach ca. 750 m rechts abbiegen in die Friedrich-W\u00f6hler-Stra\u00dfe 65. Nach ca. 100 m nach links abbiegen in die Firmen-Toreinfahrt. Das Ziel GINO AG ist erreicht.<\/p>\n<\/div><\/div><div id=\"panel-1306-0-0-2\" class=\"so-panel widget widget_black-studio-tinymce widget_black_studio_tinymce panel-last-child\" data-index=\"2\" ><div class=\"textwidget\"><h2>Download:<\/h2>\n<p><a href=\"https:\/\/www.gino-ag.com\/wp-content\/uploads\/GINO_Wegbeschreibung_Bonn.pdf\" target=\"_blank\">Wegbeschreibung Bonn \u00bb<\/a><\/p>\n<\/div><\/div><\/div><div id=\"pgc-1306-0-1\"  class=\"panel-grid-cell\" ><div id=\"panel-1306-0-1-0\" class=\"so-panel widget widget_nav_menu panel-first-child panel-last-child\" data-index=\"3\" ><div class=\"sidebar panel-widget-style panel-widget-style-for-1306-0-1-0\" ><div class=\"menu-submenue-kontakt-container\"><ul id=\"menu-submenue-kontakt\" class=\"menu\"><li id=\"menu-item-1490\" class=\"menu-item menu-item-type-post_type menu-item-object-page menu-item-1490\"><a href=\"https:\/\/www.gino-ag.com\/de\/kontakt\/kontakt\/\">Kontakt<\/a><\/li>\n<li id=\"menu-item-1315\" class=\"menu-item menu-item-type-post_type menu-item-object-page menu-item-1315\"><a href=\"https:\/\/www.gino-ag.com\/de\/kontakt\/anfahrt-bonn\/\">Anfahrt Bonn<\/a><\/li>\n<li id=\"menu-item-1314\" class=\"menu-item menu-item-type-post_type menu-item-object-page menu-item-1314\"><a href=\"https:\/\/www.gino-ag.com\/de\/kontakt\/anfahrt-eisenach\/\">Anfahrt Eisenach<\/a><\/li>\n<li id=\"menu-item-1337\" class=\"menu-item menu-item-type-post_type menu-item-object-page menu-item-1337\"><a href=\"https:\/\/www.gino-ag.com\/de\/kontakt\/gino-vertretungen\/\">GINO-Vertretungen<\/a><\/li>\n<\/ul><\/div><\/div><\/div><\/div><\/div><\/div><\/div>","protected":false},"excerpt":{"rendered":"<p>\u00a0Aus n\u00f6rdlicher Richtung:Autobahn A3 aus D\u00fcsseldorf Richtung K\u00f6ln bis zum AB-Dreieck K\u00f6ln-Heumar. Abbiegen auf die Autobahn A59 in Richtung Bonn. Bei Bonn-Beuel abbiegen auf die Autobahn A565 in Richtung Koblenz. Auf der Rheinbr\u00fccke beginnt bereits die AB-Ausfahrt: Bonn-Auerberg. Nach der Ausfahrt rechts abbiegen. Dem Stra\u00dfen-\/ Stra\u00dfenbahnschienenverlauf folgen. Die Kreuzung K\u00f6lnstra\u00dfe geradeaus \u00fcberqueren. Nach ca. 500 [&hellip;]<\/p>\n","protected":false},"author":1,"featured_media":5649,"parent":17,"menu_order":0,"comment_status":"closed","ping_status":"closed","template":"","meta":{"_acf_changed":false,"footnotes":""},"class_list":["post-1306","page","type-page","status-publish","has-post-thumbnail","hentry"],"acf":[],"yoast_head":"<!-- This site is optimized with the Yoast SEO plugin v27.4 - https:\/\/yoast.com\/product\/yoast-seo-wordpress\/ -->\n<title>Anfahrt Bonn - GINO AG<\/title>\n<meta name=\"description\" content=\"Ihr Weg zum GINO-Standort Bonn\" \/>\n<meta name=\"robots\" content=\"index, follow, max-snippet:-1, max-image-preview:large, max-video-preview:-1\" \/>\n<link rel=\"canonical\" href=\"https:\/\/www.gino-ag.com\/de\/kontakt\/anfahrt-bonn\/\" \/>\n<meta property=\"og:locale\" content=\"de_DE\" \/>\n<meta property=\"og:type\" content=\"article\" \/>\n<meta property=\"og:title\" content=\"Anfahrt Bonn - GINO AG\" \/>\n<meta property=\"og:description\" content=\"Ihr Weg zum GINO-Standort Bonn\" \/>\n<meta property=\"og:url\" content=\"https:\/\/www.gino-ag.com\/de\/kontakt\/anfahrt-bonn\/\" \/>\n<meta property=\"og:site_name\" content=\"GINO AG\" \/>\n<meta property=\"article:modified_time\" content=\"2020-11-27T20:35:22+00:00\" \/>\n<meta property=\"og:image\" content=\"https:\/\/www.gino-ag.com\/wp-content\/uploads\/GINO_Header_Karriere.jpg\" \/>\n\t<meta property=\"og:image:width\" content=\"1920\" \/>\n\t<meta property=\"og:image:height\" content=\"480\" \/>\n\t<meta property=\"og:image:type\" content=\"image\/jpeg\" \/>\n<meta name=\"twitter:card\" content=\"summary_large_image\" \/>\n<meta name=\"twitter:label1\" content=\"Gesch\u00e4tzte Lesezeit\" \/>\n\t<meta name=\"twitter:data1\" content=\"1\u00a0Minute\" \/>\n<script type=\"application\/ld+json\" class=\"yoast-schema-graph\">{\"@context\":\"https:\\\/\\\/schema.org\",\"@graph\":[{\"@type\":\"WebPage\",\"@id\":\"https:\\\/\\\/www.gino-ag.com\\\/de\\\/kontakt\\\/anfahrt-bonn\\\/\",\"url\":\"https:\\\/\\\/www.gino-ag.com\\\/de\\\/kontakt\\\/anfahrt-bonn\\\/\",\"name\":\"Anfahrt Bonn - GINO AG\",\"isPartOf\":{\"@id\":\"https:\\\/\\\/www.gino-ag.com\\\/de\\\/#website\"},\"primaryImageOfPage\":{\"@id\":\"https:\\\/\\\/www.gino-ag.com\\\/de\\\/kontakt\\\/anfahrt-bonn\\\/#primaryimage\"},\"image\":{\"@id\":\"https:\\\/\\\/www.gino-ag.com\\\/de\\\/kontakt\\\/anfahrt-bonn\\\/#primaryimage\"},\"thumbnailUrl\":\"https:\\\/\\\/www.gino-ag.com\\\/wp-content\\\/uploads\\\/GINO_Header_Karriere.jpg\",\"datePublished\":\"2016-06-21T12:02:31+00:00\",\"dateModified\":\"2020-11-27T20:35:22+00:00\",\"description\":\"Ihr Weg zum GINO-Standort Bonn\",\"breadcrumb\":{\"@id\":\"https:\\\/\\\/www.gino-ag.com\\\/de\\\/kontakt\\\/anfahrt-bonn\\\/#breadcrumb\"},\"inLanguage\":\"de\",\"potentialAction\":[{\"@type\":\"ReadAction\",\"target\":[\"https:\\\/\\\/www.gino-ag.com\\\/de\\\/kontakt\\\/anfahrt-bonn\\\/\"]}]},{\"@type\":\"ImageObject\",\"inLanguage\":\"de\",\"@id\":\"https:\\\/\\\/www.gino-ag.com\\\/de\\\/kontakt\\\/anfahrt-bonn\\\/#primaryimage\",\"url\":\"https:\\\/\\\/www.gino-ag.com\\\/wp-content\\\/uploads\\\/GINO_Header_Karriere.jpg\",\"contentUrl\":\"https:\\\/\\\/www.gino-ag.com\\\/wp-content\\\/uploads\\\/GINO_Header_Karriere.jpg\",\"width\":1920,\"height\":480},{\"@type\":\"BreadcrumbList\",\"@id\":\"https:\\\/\\\/www.gino-ag.com\\\/de\\\/kontakt\\\/anfahrt-bonn\\\/#breadcrumb\",\"itemListElement\":[{\"@type\":\"ListItem\",\"position\":1,\"name\":\"Startseite\",\"item\":\"https:\\\/\\\/www.gino-ag.com\\\/de\\\/\"},{\"@type\":\"ListItem\",\"position\":2,\"name\":\"Kontakt\",\"item\":\"https:\\\/\\\/www.gino-ag.com\\\/de\\\/kontakt\\\/\"},{\"@type\":\"ListItem\",\"position\":3,\"name\":\"Anfahrt Bonn\"}]},{\"@type\":\"WebSite\",\"@id\":\"https:\\\/\\\/www.gino-ag.com\\\/de\\\/#website\",\"url\":\"https:\\\/\\\/www.gino-ag.com\\\/de\\\/\",\"name\":\"GINO AG\",\"description\":\"Elektrische Widerst\u00e4nde von 50 W bis 360 MW\",\"potentialAction\":[{\"@type\":\"SearchAction\",\"target\":{\"@type\":\"EntryPoint\",\"urlTemplate\":\"https:\\\/\\\/www.gino-ag.com\\\/de\\\/?s={search_term_string}\"},\"query-input\":{\"@type\":\"PropertyValueSpecification\",\"valueRequired\":true,\"valueName\":\"search_term_string\"}}],\"inLanguage\":\"de\"}]}<\/script>\n<!-- \/ Yoast SEO plugin. -->","yoast_head_json":{"title":"Anfahrt Bonn - GINO AG","description":"Ihr Weg zum GINO-Standort Bonn","robots":{"index":"index","follow":"follow","max-snippet":"max-snippet:-1","max-image-preview":"max-image-preview:large","max-video-preview":"max-video-preview:-1"},"canonical":"https:\/\/www.gino-ag.com\/de\/kontakt\/anfahrt-bonn\/","og_locale":"de_DE","og_type":"article","og_title":"Anfahrt Bonn - GINO AG","og_description":"Ihr Weg zum GINO-Standort Bonn","og_url":"https:\/\/www.gino-ag.com\/de\/kontakt\/anfahrt-bonn\/","og_site_name":"GINO AG","article_modified_time":"2020-11-27T20:35:22+00:00","og_image":[{"width":1920,"height":480,"url":"https:\/\/www.gino-ag.com\/wp-content\/uploads\/GINO_Header_Karriere.jpg","type":"image\/jpeg"}],"twitter_card":"summary_large_image","twitter_misc":{"Gesch\u00e4tzte Lesezeit":"1\u00a0Minute"},"schema":{"@context":"https:\/\/schema.org","@graph":[{"@type":"WebPage","@id":"https:\/\/www.gino-ag.com\/de\/kontakt\/anfahrt-bonn\/","url":"https:\/\/www.gino-ag.com\/de\/kontakt\/anfahrt-bonn\/","name":"Anfahrt Bonn - GINO AG","isPartOf":{"@id":"https:\/\/www.gino-ag.com\/de\/#website"},"primaryImageOfPage":{"@id":"https:\/\/www.gino-ag.com\/de\/kontakt\/anfahrt-bonn\/#primaryimage"},"image":{"@id":"https:\/\/www.gino-ag.com\/de\/kontakt\/anfahrt-bonn\/#primaryimage"},"thumbnailUrl":"https:\/\/www.gino-ag.com\/wp-content\/uploads\/GINO_Header_Karriere.jpg","datePublished":"2016-06-21T12:02:31+00:00","dateModified":"2020-11-27T20:35:22+00:00","description":"Ihr Weg zum GINO-Standort Bonn","breadcrumb":{"@id":"https:\/\/www.gino-ag.com\/de\/kontakt\/anfahrt-bonn\/#breadcrumb"},"inLanguage":"de","potentialAction":[{"@type":"ReadAction","target":["https:\/\/www.gino-ag.com\/de\/kontakt\/anfahrt-bonn\/"]}]},{"@type":"ImageObject","inLanguage":"de","@id":"https:\/\/www.gino-ag.com\/de\/kontakt\/anfahrt-bonn\/#primaryimage","url":"https:\/\/www.gino-ag.com\/wp-content\/uploads\/GINO_Header_Karriere.jpg","contentUrl":"https:\/\/www.gino-ag.com\/wp-content\/uploads\/GINO_Header_Karriere.jpg","width":1920,"height":480},{"@type":"BreadcrumbList","@id":"https:\/\/www.gino-ag.com\/de\/kontakt\/anfahrt-bonn\/#breadcrumb","itemListElement":[{"@type":"ListItem","position":1,"name":"Startseite","item":"https:\/\/www.gino-ag.com\/de\/"},{"@type":"ListItem","position":2,"name":"Kontakt","item":"https:\/\/www.gino-ag.com\/de\/kontakt\/"},{"@type":"ListItem","position":3,"name":"Anfahrt Bonn"}]},{"@type":"WebSite","@id":"https:\/\/www.gino-ag.com\/de\/#website","url":"https:\/\/www.gino-ag.com\/de\/","name":"GINO AG","description":"Elektrische Widerst\u00e4nde von 50 W bis 360 MW","potentialAction":[{"@type":"SearchAction","target":{"@type":"EntryPoint","urlTemplate":"https:\/\/www.gino-ag.com\/de\/?s={search_term_string}"},"query-input":{"@type":"PropertyValueSpecification","valueRequired":true,"valueName":"search_term_string"}}],"inLanguage":"de"}]}},"_links":{"self":[{"href":"https:\/\/www.gino-ag.com\/de\/wp-json\/wp\/v2\/pages\/1306","targetHints":{"allow":["GET"]}}],"collection":[{"href":"https:\/\/www.gino-ag.com\/de\/wp-json\/wp\/v2\/pages"}],"about":[{"href":"https:\/\/www.gino-ag.com\/de\/wp-json\/wp\/v2\/types\/page"}],"author":[{"embeddable":true,"href":"https:\/\/www.gino-ag.com\/de\/wp-json\/wp\/v2\/users\/1"}],"replies":[{"embeddable":true,"href":"https:\/\/www.gino-ag.com\/de\/wp-json\/wp\/v2\/comments?post=1306"}],"version-history":[{"count":0,"href":"https:\/\/www.gino-ag.com\/de\/wp-json\/wp\/v2\/pages\/1306\/revisions"}],"up":[{"embeddable":true,"href":"https:\/\/www.gino-ag.com\/de\/wp-json\/wp\/v2\/pages\/17"}],"wp:featuredmedia":[{"embeddable":true,"href":"https:\/\/www.gino-ag.com\/de\/wp-json\/wp\/v2\/media\/5649"}],"wp:attachment":[{"href":"https:\/\/www.gino-ag.com\/de\/wp-json\/wp\/v2\/media?parent=1306"}],"curies":[{"name":"wp","href":"https:\/\/api.w.org\/{rel}","templated":true}]}}