{"id":10439,"date":"2025-10-15T19:55:44","date_gmt":"2025-10-15T17:55:44","guid":{"rendered":"https:\/\/www.gino-ag.com\/?page_id=10439"},"modified":"2025-10-28T12:01:58","modified_gmt":"2025-10-28T11:01:58","slug":"neubau","status":"publish","type":"page","link":"https:\/\/www.gino-ag.com\/de\/unternehmen\/neubau\/","title":{"rendered":"Neubau"},"content":{"rendered":"<div id=\"pl-10439\"  class=\"panel-layout\" ><div id=\"pg-10439-0\"  class=\"panel-grid panel-no-style\" ><div id=\"pgc-10439-0-0\"  class=\"panel-grid-cell\" ><div id=\"panel-10439-0-0-0\" class=\"so-panel widget widget_sow-editor panel-first-child\" data-index=\"0\" ><div\n\t\t\t\n\t\t\tclass=\"so-widget-sow-editor so-widget-sow-editor-base\"\n\t\t\t\n\t\t><h3 class=\"widget-title\">GINO AG Elektrotechnische Fabrik informiert zur Zusammenlegung der Standorte Bonn und Eisenach \u2013 sowie zu einem Neubau in Meckenheim<\/h3>\n<div class=\"siteorigin-widget-tinymce textwidget\">\n\t<p class=\"s12\"><strong><span class=\"s9\">Meckenheim\/Bonn, <\/span><span class=\"s9\">November<\/span><span class=\"s9\"> 2025<\/span><\/strong><span class=\"s11\"> \u2013 Die GINO AG Elektrotechnische Fabrik, einer der f\u00fchrenden Hersteller elektrischer Leistungswiderst\u00e4nde, verlegt ihren Firmensitz von Bonn nach Meckenheim und fasst zugleich die beiden Werke in Bonn und Eisenach an einem modernen Standort zusammen. Damit stellt das Unternehmen die Weichen f\u00fcr eine effiziente und zukunftssichere Produktion.<\/span><\/p>\n<p class=\"s12\"><span class=\"s11\">Nach fast f\u00fcnf Jahrzehnten in der Friedrich-W\u00f6hler-Stra\u00dfe in Bonn entsteht im Industriepark Kottenforst in Meckenheim ein neues Werk. Auf einem 17.000 Quadratmeter gro\u00dfen Grundst\u00fcck wird eine hochmoderne Fabrik f\u00fcr elektrotechnische Komponenten gebaut. Der Spatenstich ist f\u00fcr Januar 2026 vorgesehen, die Bauzeit betr\u00e4gt rund zwei Jahre.<\/span><\/p>\n<p class=\"s10\"><strong><span class=\"s9\">Hintergrund: Neubau statt Sanierung<\/span><\/strong><\/p>\n<p class=\"s12\"><span class=\"s11\">Die Entscheidung f\u00fcr den Neubau fiel, weil die bisherigen Produktionsst\u00e4tten in Bonn und Eisenach stark in die Jahre gekommen sind und eine Modernisierung unverh\u00e4ltnism\u00e4\u00dfig hohe Investitionen erfordert h\u00e4tte. Mit der Zusammenlegung der beiden Werke schafft die GINO AG zudem Synergien und erh\u00f6ht die Effizienz in der Fertigung. Von der Verlagerung sind insgesamt rund 140 Mitarbeitende betroffen \u2013 70 aus Bonn und 70 aus Eisenach.<\/span><\/p>\n<p class=\"s12\"><span class=\"s11\">\u201eMit dem Umzug nach Meckenheim stellen wir uns v\u00f6llig neu auf und schaffen ein hoch effizientes, zukunftsf\u00e4higes Unternehmen, das auch weit \u00fcber die 2050er Jahre hinaus bestehen wird\u201c, erkl\u00e4rt Dipl.-Ing. Michael Hahn, Vorstand der GINO AG Elektrotechnische Fabrik.<\/span><\/p>\n<p class=\"s10\"><strong><span class=\"s9\">Historie<\/span><\/strong><\/p>\n<p class=\"s12\"><span class=\"s11\">Die GINO AG blickt auf eine \u00fcber 60-j\u00e4hrige Geschichte in der Widerstandsfertigung zur\u00fcck. Einen bedeutenden Wachstumsschub erlebte das Unternehmen im Jahr 2000 mit der \u00dcbernahme der Siemens-Sparte \u201eWiderst\u00e4nde\u201c aus N\u00fcrnberg. Heute ist die GINO AG weltweit als zuverl\u00e4ssiger Lieferant von Hochleistungswiderst\u00e4nden bekannt und gesch\u00e4tzt.Mit einem stabilen Jahresumsatz von 21 Millionen Euro besch\u00e4ftigt das Unternehmen derzeit rund 140 Mitarbeitende. Neben den Standorten Bonn und Eisenach betreibt GINO seit 2003 eine Tochtergesellschaft in<\/span><span class=\"s11\"> Shanghai (China) und seit 2021 eine weitere in Lisses (Frankreich) f\u00fcr Fl\u00fcssigkeitsanlasser.<\/span><\/p>\n<p><strong>Produktspektrum<\/strong><\/p>\n<p class=\"s12\"><span class=\"s11\">Das Produktspektrum der GINO AG reicht von Brems- und Erdungswiderst\u00e4nden \u00fcber Last- und Anla\u00dfwiderst\u00e4nde bis hin zu \u00f6lgek\u00fchlten Spezialanlassern und Filtern f\u00fcr LNG-Kompressoren. Ein besonderer Schwerpunkt liegt auf Bahnwiderst\u00e4nden f\u00fcr die Verkehrstechnik. Insgesamt deckt das Unternehmen den Leistungsbereich von 100 Watt bis 360 Megawatt ab \u2013 von Standardl\u00f6sungen f\u00fcr die Prozessindustrie bis hin zu branchenspezifischen Komplettsystemen f\u00fcr den Automobilbau oder Raffinerien.<\/span><\/p>\n<p><img loading=\"lazy\" decoding=\"async\" class=\"img-responsive aligncenter wp-image-10445 size-large\" src=\"https:\/\/www.gino-ag.com\/wp-content\/uploads\/GINO-AG-Sued-West-5-1024x552.jpg\" alt=\"\" width=\"1024\" height=\"552\" srcset=\"https:\/\/www.gino-ag.com\/wp-content\/uploads\/GINO-AG-Sued-West-5-1024x552.jpg 1024w, https:\/\/www.gino-ag.com\/wp-content\/uploads\/GINO-AG-Sued-West-5-315x170.jpg 315w, https:\/\/www.gino-ag.com\/wp-content\/uploads\/GINO-AG-Sued-West-5-320x173.jpg 320w, https:\/\/www.gino-ag.com\/wp-content\/uploads\/GINO-AG-Sued-West-5-1536x828.jpg 1536w, https:\/\/www.gino-ag.com\/wp-content\/uploads\/GINO-AG-Sued-West-5-2048x1104.jpg 2048w\" sizes=\"auto, (max-width: 1024px) 100vw, 1024px\" \/><\/p>\n<p><img loading=\"lazy\" decoding=\"async\" class=\"img-responsive aligncenter wp-image-10443 size-large\" src=\"https:\/\/www.gino-ag.com\/wp-content\/uploads\/GINO-AG-Nord-West-4-1024x547.jpg\" alt=\"\" width=\"1024\" height=\"547\" srcset=\"https:\/\/www.gino-ag.com\/wp-content\/uploads\/GINO-AG-Nord-West-4-1024x547.jpg 1024w, https:\/\/www.gino-ag.com\/wp-content\/uploads\/GINO-AG-Nord-West-4-318x170.jpg 318w, https:\/\/www.gino-ag.com\/wp-content\/uploads\/GINO-AG-Nord-West-4-320x171.jpg 320w, https:\/\/www.gino-ag.com\/wp-content\/uploads\/GINO-AG-Nord-West-4-1536x821.jpg 1536w, https:\/\/www.gino-ag.com\/wp-content\/uploads\/GINO-AG-Nord-West-4-2048x1095.jpg 2048w\" sizes=\"auto, (max-width: 1024px) 100vw, 1024px\" \/><\/p>\n<p>&nbsp;<\/p>\n<\/div>\n<\/div><\/div><div id=\"panel-10439-0-0-1\" class=\"so-panel widget widget_block\" data-index=\"1\" ><div style=\"background-color: white; border: 4px solid yellow; border-radius: 10px; padding: 20px;\">\n<h3 style=\"margin-bottom: 10px;\">Pressekontakt<\/h3>\n<p style=\"margin-bottom: 20px;\">GINO AG Elektrotechnische Fabrik<br \/>\nVorstand \/ Gesch\u00e4ftsleitung<br \/>\nDipl.-Ing. Michael Hahn<br \/>\nFriedrich-W\u00f6hler-Str. 65<br \/>\n53117 Bonn<br \/>\nTelefon: 0228 \/ 98986-14<br \/>\nE-Mail: Michael.Hahn@GINO.DE<br \/>\nWeb: www.gino-ag.com<\/p>\n<p>  <a href=\"mailto:michael.hahn@gino.de\" style=\"background-color: black; color: white; padding: 10px 20px; text-decoration: none; border-radius: 5px;\">Kontakt<\/a>\n<\/div>\n<\/div><div id=\"panel-10439-0-0-2\" class=\"so-panel widget widget_sow-editor panel-last-child\" data-index=\"2\" ><div\n\t\t\t\n\t\t\tclass=\"so-widget-sow-editor so-widget-sow-editor-base\"\n\t\t\t\n\t\t>\n<div class=\"siteorigin-widget-tinymce textwidget\">\n\t<\/div>\n<\/div><\/div><\/div><\/div><\/div>","protected":false},"excerpt":{"rendered":"<p>Meckenheim\/Bonn, November 2025 \u2013 Die GINO AG Elektrotechnische Fabrik, einer der f\u00fchrenden Hersteller elektrischer Leistungswiderst\u00e4nde, verlegt ihren Firmensitz von Bonn nach Meckenheim und fasst zugleich die beiden Werke in Bonn und Eisenach an einem modernen Standort zusammen. Damit stellt das Unternehmen die Weichen f\u00fcr eine effiziente und zukunftssichere Produktion. Nach fast f\u00fcnf Jahrzehnten in der [&hellip;]<\/p>\n","protected":false},"author":15,"featured_media":10467,"parent":5,"menu_order":0,"comment_status":"closed","ping_status":"closed","template":"","meta":{"_acf_changed":false,"footnotes":""},"class_list":["post-10439","page","type-page","status-publish","has-post-thumbnail","hentry"],"acf":[],"yoast_head":"<!-- This site is optimized with the Yoast SEO plugin v27.4 - https:\/\/yoast.com\/product\/yoast-seo-wordpress\/ -->\n<title>Neubau - GINO AG<\/title>\n<meta name=\"description\" content=\"GINO AG: Neuer Standort in Meckenheim \u2013 Werke Bonn und Eisenach werden zusammengelegt\" \/>\n<meta name=\"robots\" content=\"index, follow, max-snippet:-1, max-image-preview:large, max-video-preview:-1\" \/>\n<link rel=\"canonical\" href=\"https:\/\/www.gino-ag.com\/de\/unternehmen\/neubau\/\" \/>\n<meta property=\"og:locale\" content=\"de_DE\" \/>\n<meta property=\"og:type\" content=\"article\" \/>\n<meta property=\"og:title\" content=\"Neubau - GINO AG\" \/>\n<meta property=\"og:description\" content=\"GINO AG: Neuer Standort in Meckenheim \u2013 Werke Bonn und Eisenach werden zusammengelegt\" \/>\n<meta property=\"og:url\" content=\"https:\/\/www.gino-ag.com\/de\/unternehmen\/neubau\/\" \/>\n<meta property=\"og:site_name\" content=\"GINO AG\" \/>\n<meta property=\"article:modified_time\" content=\"2025-10-28T11:01:58+00:00\" \/>\n<meta property=\"og:image\" content=\"https:\/\/www.gino-ag.com\/wp-content\/uploads\/GINOAGNeubauSiteThumbnail.jpg\" \/>\n\t<meta property=\"og:image:width\" content=\"1920\" \/>\n\t<meta property=\"og:image:height\" content=\"480\" \/>\n\t<meta property=\"og:image:type\" content=\"image\/jpeg\" \/>\n<meta name=\"twitter:card\" content=\"summary_large_image\" \/>\n<meta name=\"twitter:label1\" content=\"Gesch\u00e4tzte Lesezeit\" \/>\n\t<meta name=\"twitter:data1\" content=\"3\u00a0Minuten\" \/>\n<script type=\"application\/ld+json\" class=\"yoast-schema-graph\">{\"@context\":\"https:\\\/\\\/schema.org\",\"@graph\":[{\"@type\":\"WebPage\",\"@id\":\"https:\\\/\\\/www.gino-ag.com\\\/de\\\/unternehmen\\\/neubau\\\/\",\"url\":\"https:\\\/\\\/www.gino-ag.com\\\/de\\\/unternehmen\\\/neubau\\\/\",\"name\":\"Neubau - GINO AG\",\"isPartOf\":{\"@id\":\"https:\\\/\\\/www.gino-ag.com\\\/de\\\/#website\"},\"primaryImageOfPage\":{\"@id\":\"https:\\\/\\\/www.gino-ag.com\\\/de\\\/unternehmen\\\/neubau\\\/#primaryimage\"},\"image\":{\"@id\":\"https:\\\/\\\/www.gino-ag.com\\\/de\\\/unternehmen\\\/neubau\\\/#primaryimage\"},\"thumbnailUrl\":\"https:\\\/\\\/www.gino-ag.com\\\/wp-content\\\/uploads\\\/GINOAGNeubauSiteThumbnail.jpg\",\"datePublished\":\"2025-10-15T17:55:44+00:00\",\"dateModified\":\"2025-10-28T11:01:58+00:00\",\"description\":\"GINO AG: Neuer Standort in Meckenheim \u2013 Werke Bonn und Eisenach werden zusammengelegt\",\"breadcrumb\":{\"@id\":\"https:\\\/\\\/www.gino-ag.com\\\/de\\\/unternehmen\\\/neubau\\\/#breadcrumb\"},\"inLanguage\":\"de\",\"potentialAction\":[{\"@type\":\"ReadAction\",\"target\":[\"https:\\\/\\\/www.gino-ag.com\\\/de\\\/unternehmen\\\/neubau\\\/\"]}]},{\"@type\":\"ImageObject\",\"inLanguage\":\"de\",\"@id\":\"https:\\\/\\\/www.gino-ag.com\\\/de\\\/unternehmen\\\/neubau\\\/#primaryimage\",\"url\":\"https:\\\/\\\/www.gino-ag.com\\\/wp-content\\\/uploads\\\/GINOAGNeubauSiteThumbnail.jpg\",\"contentUrl\":\"https:\\\/\\\/www.gino-ag.com\\\/wp-content\\\/uploads\\\/GINOAGNeubauSiteThumbnail.jpg\",\"width\":1920,\"height\":480},{\"@type\":\"BreadcrumbList\",\"@id\":\"https:\\\/\\\/www.gino-ag.com\\\/de\\\/unternehmen\\\/neubau\\\/#breadcrumb\",\"itemListElement\":[{\"@type\":\"ListItem\",\"position\":1,\"name\":\"Startseite\",\"item\":\"https:\\\/\\\/www.gino-ag.com\\\/de\\\/\"},{\"@type\":\"ListItem\",\"position\":2,\"name\":\"Unternehmen\",\"item\":\"https:\\\/\\\/www.gino-ag.com\\\/de\\\/unternehmen\\\/\"},{\"@type\":\"ListItem\",\"position\":3,\"name\":\"Neubau\"}]},{\"@type\":\"WebSite\",\"@id\":\"https:\\\/\\\/www.gino-ag.com\\\/de\\\/#website\",\"url\":\"https:\\\/\\\/www.gino-ag.com\\\/de\\\/\",\"name\":\"GINO AG\",\"description\":\"Elektrische Widerst\u00e4nde von 50 W bis 360 MW\",\"potentialAction\":[{\"@type\":\"SearchAction\",\"target\":{\"@type\":\"EntryPoint\",\"urlTemplate\":\"https:\\\/\\\/www.gino-ag.com\\\/de\\\/?s={search_term_string}\"},\"query-input\":{\"@type\":\"PropertyValueSpecification\",\"valueRequired\":true,\"valueName\":\"search_term_string\"}}],\"inLanguage\":\"de\"}]}<\/script>\n<!-- \/ Yoast SEO plugin. -->","yoast_head_json":{"title":"Neubau - GINO AG","description":"GINO AG: Neuer Standort in Meckenheim \u2013 Werke Bonn und Eisenach werden zusammengelegt","robots":{"index":"index","follow":"follow","max-snippet":"max-snippet:-1","max-image-preview":"max-image-preview:large","max-video-preview":"max-video-preview:-1"},"canonical":"https:\/\/www.gino-ag.com\/de\/unternehmen\/neubau\/","og_locale":"de_DE","og_type":"article","og_title":"Neubau - GINO AG","og_description":"GINO AG: Neuer Standort in Meckenheim \u2013 Werke Bonn und Eisenach werden zusammengelegt","og_url":"https:\/\/www.gino-ag.com\/de\/unternehmen\/neubau\/","og_site_name":"GINO AG","article_modified_time":"2025-10-28T11:01:58+00:00","og_image":[{"width":1920,"height":480,"url":"https:\/\/www.gino-ag.com\/wp-content\/uploads\/GINOAGNeubauSiteThumbnail.jpg","type":"image\/jpeg"}],"twitter_card":"summary_large_image","twitter_misc":{"Gesch\u00e4tzte Lesezeit":"3\u00a0Minuten"},"schema":{"@context":"https:\/\/schema.org","@graph":[{"@type":"WebPage","@id":"https:\/\/www.gino-ag.com\/de\/unternehmen\/neubau\/","url":"https:\/\/www.gino-ag.com\/de\/unternehmen\/neubau\/","name":"Neubau - GINO AG","isPartOf":{"@id":"https:\/\/www.gino-ag.com\/de\/#website"},"primaryImageOfPage":{"@id":"https:\/\/www.gino-ag.com\/de\/unternehmen\/neubau\/#primaryimage"},"image":{"@id":"https:\/\/www.gino-ag.com\/de\/unternehmen\/neubau\/#primaryimage"},"thumbnailUrl":"https:\/\/www.gino-ag.com\/wp-content\/uploads\/GINOAGNeubauSiteThumbnail.jpg","datePublished":"2025-10-15T17:55:44+00:00","dateModified":"2025-10-28T11:01:58+00:00","description":"GINO AG: Neuer Standort in Meckenheim \u2013 Werke Bonn und Eisenach werden zusammengelegt","breadcrumb":{"@id":"https:\/\/www.gino-ag.com\/de\/unternehmen\/neubau\/#breadcrumb"},"inLanguage":"de","potentialAction":[{"@type":"ReadAction","target":["https:\/\/www.gino-ag.com\/de\/unternehmen\/neubau\/"]}]},{"@type":"ImageObject","inLanguage":"de","@id":"https:\/\/www.gino-ag.com\/de\/unternehmen\/neubau\/#primaryimage","url":"https:\/\/www.gino-ag.com\/wp-content\/uploads\/GINOAGNeubauSiteThumbnail.jpg","contentUrl":"https:\/\/www.gino-ag.com\/wp-content\/uploads\/GINOAGNeubauSiteThumbnail.jpg","width":1920,"height":480},{"@type":"BreadcrumbList","@id":"https:\/\/www.gino-ag.com\/de\/unternehmen\/neubau\/#breadcrumb","itemListElement":[{"@type":"ListItem","position":1,"name":"Startseite","item":"https:\/\/www.gino-ag.com\/de\/"},{"@type":"ListItem","position":2,"name":"Unternehmen","item":"https:\/\/www.gino-ag.com\/de\/unternehmen\/"},{"@type":"ListItem","position":3,"name":"Neubau"}]},{"@type":"WebSite","@id":"https:\/\/www.gino-ag.com\/de\/#website","url":"https:\/\/www.gino-ag.com\/de\/","name":"GINO AG","description":"Elektrische Widerst\u00e4nde von 50 W bis 360 MW","potentialAction":[{"@type":"SearchAction","target":{"@type":"EntryPoint","urlTemplate":"https:\/\/www.gino-ag.com\/de\/?s={search_term_string}"},"query-input":{"@type":"PropertyValueSpecification","valueRequired":true,"valueName":"search_term_string"}}],"inLanguage":"de"}]}},"_links":{"self":[{"href":"https:\/\/www.gino-ag.com\/de\/wp-json\/wp\/v2\/pages\/10439","targetHints":{"allow":["GET"]}}],"collection":[{"href":"https:\/\/www.gino-ag.com\/de\/wp-json\/wp\/v2\/pages"}],"about":[{"href":"https:\/\/www.gino-ag.com\/de\/wp-json\/wp\/v2\/types\/page"}],"author":[{"embeddable":true,"href":"https:\/\/www.gino-ag.com\/de\/wp-json\/wp\/v2\/users\/15"}],"replies":[{"embeddable":true,"href":"https:\/\/www.gino-ag.com\/de\/wp-json\/wp\/v2\/comments?post=10439"}],"version-history":[{"count":23,"href":"https:\/\/www.gino-ag.com\/de\/wp-json\/wp\/v2\/pages\/10439\/revisions"}],"predecessor-version":[{"id":10487,"href":"https:\/\/www.gino-ag.com\/de\/wp-json\/wp\/v2\/pages\/10439\/revisions\/10487"}],"up":[{"embeddable":true,"href":"https:\/\/www.gino-ag.com\/de\/wp-json\/wp\/v2\/pages\/5"}],"wp:featuredmedia":[{"embeddable":true,"href":"https:\/\/www.gino-ag.com\/de\/wp-json\/wp\/v2\/media\/10467"}],"wp:attachment":[{"href":"https:\/\/www.gino-ag.com\/de\/wp-json\/wp\/v2\/media?parent=10439"}],"curies":[{"name":"wp","href":"https:\/\/api.w.org\/{rel}","templated":true}]}}